{"id":490,"date":"2018-02-26T13:40:10","date_gmt":"2018-02-26T12:40:10","guid":{"rendered":"http:\/\/school-for-life.org\/?page_id=490"},"modified":"2019-08-06T12:28:49","modified_gmt":"2019-08-06T10:28:49","slug":"kindergeschichten-juergen-zimmer","status":"publish","type":"page","link":"https:\/\/school-for-life.org\/de\/medien\/kindergeschichten-juergen-zimmer\/","title":{"rendered":"Kindergeschichten &#8211; Aufzeichnungen J\u00fcrgen Zimmer"},"content":{"rendered":"<h3>Kindergeschichten &#8211; Aufzeichnungen J\u00fcrgen Zimmer<\/h3>\n<p>&nbsp;<\/p>\n<p>Im Folgenden sind einige Kinder-Geschichten von J\u00fcrgen Zimmer in den Jahren seit der Gr\u00fcndung aufgeschrieben worden. Es sind Geschichten, die Lebenswillen und Mut zeigen, von Kindern, die mit Verzweiflung und Trauer umgehen m\u00fcssen \u2013 Geschichten vom Ankommen, vom Weggehen und Wiederkommen, vom Sterben und von neuem Leben.<\/p>\n<p><a href=\"http:\/\/school-for-life.org\/childrens-stories\/\">Zu den Kindergeschichten&#8230;<\/a><\/p>\n<p>&nbsp;<\/p>\n<div class=\"grid_6 column\"><\/div>\n<div class=\"grid_6 column-last\">\n<p>&nbsp;<\/p>\n<\/div>\n","protected":false},"excerpt":{"rendered":"<p>Kindergeschichten &#8211; Aufzeichnungen J\u00fcrgen Zimmer &nbsp; Im Folgenden sind einige Kinder-Geschichten von J\u00fcrgen Zimmer in den Jahren seit der Gr\u00fcndung aufgeschrieben worden. Es sind Geschichten, die Lebenswillen und Mut zeigen, von Kindern, die mit Verzweiflung und Trauer umgehen m\u00fcssen \u2013 Geschichten vom Ankommen, vom Weggehen und Wiederkommen, vom Sterben und von neuem Leben. Zu den [&hellip;]<\/p>\n","protected":false},"author":2,"featured_media":0,"parent":2067,"menu_order":4,"comment_status":"closed","ping_status":"closed","template":"","meta":[],"_links":{"self":[{"href":"https:\/\/school-for-life.org\/de\/wp-json\/wp\/v2\/pages\/490"}],"collection":[{"href":"https:\/\/school-for-life.org\/de\/wp-json\/wp\/v2\/pages"}],"about":[{"href":"https:\/\/school-for-life.org\/de\/wp-json\/wp\/v2\/types\/page"}],"author":[{"embeddable":true,"href":"https:\/\/school-for-life.org\/de\/wp-json\/wp\/v2\/users\/2"}],"replies":[{"embeddable":true,"href":"https:\/\/school-for-life.org\/de\/wp-json\/wp\/v2\/comments?post=490"}],"version-history":[{"count":6,"href":"https:\/\/school-for-life.org\/de\/wp-json\/wp\/v2\/pages\/490\/revisions"}],"predecessor-version":[{"id":1529,"href":"https:\/\/school-for-life.org\/de\/wp-json\/wp\/v2\/pages\/490\/revisions\/1529"}],"up":[{"embeddable":true,"href":"https:\/\/school-for-life.org\/de\/wp-json\/wp\/v2\/pages\/2067"}],"wp:attachment":[{"href":"https:\/\/school-for-life.org\/de\/wp-json\/wp\/v2\/media?parent=490"}],"curies":[{"name":"wp","href":"https:\/\/api.w.org\/{rel}","templated":true}]}}