{"id":467,"date":"2018-02-26T13:36:46","date_gmt":"2018-02-26T12:36:46","guid":{"rendered":"http:\/\/school-for-life.org\/?page_id=467"},"modified":"2021-02-15T14:05:46","modified_gmt":"2021-02-15T13:05:46","slug":"vor-ort","status":"publish","type":"page","link":"https:\/\/school-for-life.org\/de\/vor-ort\/","title":{"rendered":"In Aktion vor Ort"},"content":{"rendered":"<section id=\"intro\" class=\"grid_12\">\n<h3 class=\"left\">In Aktion vor Ort in School for Life Chiang Mai<\/h3>\n<\/section>\n<section id=\"content\" class=\"grid_12 clearfix\">\n<div class=\"alpha grid_12\">\n<p>Die School for Life empf\u00e4ngt jede und jeden warmherzig mit offenen Armen. Wir freuen uns \u00fcber jeden Besuch, ob kurz oder lang, als Gast oder Volont\u00e4r. Denn zu den Angeboten der School for Life z\u00e4hlen das Programm f\u00fcr Volont\u00e4re und Experten, die Kinder-und Jugendcamps auf der Farm im k\u00f6niglichen Forst und die M\u00f6glichkeit f\u00fcr G\u00e4ste der Schule, bei Aufenthalten in den guest houses der Schule zu wohnen. F\u00fcr einige der Kinder ist es ein ganz besonderes Erlebnis internationalen Besuch zu bekommen, au\u00dferdem eine gute Gelegenheit ihr Englisch zu \u00fcben, und einen beidseitigen Kulturaustausch zu erleben.<\/p>\n<p>Falls Sie das Projekt kennenlernen wollen, bevor Sie es regelm\u00e4\u00dfig unterst\u00fctzen, ist ein Besuch hierf\u00fcr eine gute M\u00f6glichkeit. Und falls Sie uns bereits mit einer Patenschaft unterst\u00fctzen, ist das erst recht ein guter Anlass, ihr Patenkind und das Projekt allgemein kennenzulernen.<\/p>\n<p>Auch die Volont\u00e4re sind eine gro\u00dfe Bereicherung f\u00fcr\u00a0 das Projekt und unersetzlich. Sie bringen noch mehr Spa\u00df und Abwechslung in das Leben der Kinder. Und die Volont\u00e4re selbst bekommen einen einmaligen Einblick in die Kultur, das Leben der Kinder, das famili\u00e4re Leben sowie typische Speisen und sind als vor\u00fcbergehender Teil der School for Life- Family viel mehr als gew\u00f6hnliche Touristen.<\/p>\n<p><img decoding=\"async\" src=\"http:\/\/school-for-life.org\/images\/in_aktion_vor_ort_2.jpg\" alt=\"\" \/><\/p>\n<\/div>\n<\/section>\n","protected":false},"excerpt":{"rendered":"<p>In Aktion vor Ort in School for Life Chiang Mai Die School for Life empf\u00e4ngt jede und jeden warmherzig mit offenen Armen. Wir freuen uns \u00fcber jeden Besuch, ob kurz oder lang, als Gast oder Volont\u00e4r. Denn zu den Angeboten der School for Life z\u00e4hlen das Programm f\u00fcr Volont\u00e4re und Experten, die Kinder-und Jugendcamps auf [&hellip;]<\/p>\n","protected":false},"author":2,"featured_media":0,"parent":0,"menu_order":1,"comment_status":"closed","ping_status":"closed","template":"","meta":[],"_links":{"self":[{"href":"https:\/\/school-for-life.org\/de\/wp-json\/wp\/v2\/pages\/467"}],"collection":[{"href":"https:\/\/school-for-life.org\/de\/wp-json\/wp\/v2\/pages"}],"about":[{"href":"https:\/\/school-for-life.org\/de\/wp-json\/wp\/v2\/types\/page"}],"author":[{"embeddable":true,"href":"https:\/\/school-for-life.org\/de\/wp-json\/wp\/v2\/users\/2"}],"replies":[{"embeddable":true,"href":"https:\/\/school-for-life.org\/de\/wp-json\/wp\/v2\/comments?post=467"}],"version-history":[{"count":7,"href":"https:\/\/school-for-life.org\/de\/wp-json\/wp\/v2\/pages\/467\/revisions"}],"predecessor-version":[{"id":3202,"href":"https:\/\/school-for-life.org\/de\/wp-json\/wp\/v2\/pages\/467\/revisions\/3202"}],"wp:attachment":[{"href":"https:\/\/school-for-life.org\/de\/wp-json\/wp\/v2\/media?parent=467"}],"curies":[{"name":"wp","href":"https:\/\/api.w.org\/{rel}","templated":true}]}}