{"id":464,"date":"2018-02-26T13:35:33","date_gmt":"2018-02-26T12:35:33","guid":{"rendered":"http:\/\/school-for-life.org\/?page_id=464"},"modified":"2018-07-03T13:28:38","modified_gmt":"2018-07-03T11:28:38","slug":"centers-of-excellence","status":"publish","type":"page","link":"https:\/\/school-for-life.org\/de\/projekt\/paedagogisches-konzept\/centers-of-excellence\/","title":{"rendered":"Orte des Lernens \/ Centers of Excellence"},"content":{"rendered":"<section id=\"intro\" class=\"grid_12\">\n<h3 class=\"left\">Orte des Lernens \/ Centers of Excellence in der School for Life Chiang Mai<\/h3>\n<p>&nbsp;<\/p>\n<\/section>\n<section id=\"content\" class=\"grid_12 clearfix\">\n<div class=\"alpha grid_12\">\n<div align=\"justify\">\n<p><img decoding=\"async\" loading=\"lazy\" class=\"alignnone wp-image-932\" src=\"http:\/\/school-for-life.org\/wp-content\/uploads\/2018\/06\/eigenbetriebe_fertig-300x74.jpg\" alt=\"\" width=\"1014\" height=\"250\" srcset=\"https:\/\/school-for-life.org\/wp-content\/uploads\/2018\/06\/eigenbetriebe_fertig-300x74.jpg 300w, https:\/\/school-for-life.org\/wp-content\/uploads\/2018\/06\/eigenbetriebe_fertig-768x189.jpg 768w, https:\/\/school-for-life.org\/wp-content\/uploads\/2018\/06\/eigenbetriebe_fertig-705x173.jpg 705w, https:\/\/school-for-life.org\/wp-content\/uploads\/2018\/06\/eigenbetriebe_fertig-450x111.jpg 450w, https:\/\/school-for-life.org\/wp-content\/uploads\/2018\/06\/eigenbetriebe_fertig.jpg 940w\" sizes=\"(max-width: 1014px) 100vw, 1014px\" \/><\/p>\n<div class=\"grid_6 column-last\">\n<p style=\"text-align: left;\">Die Absicht, von der Fixierung an Schulf\u00e4cher wegzukommen und das Curriculum mehr auf Schl\u00fcsselprobleme und \u2013situationen zu beziehen, unterstellt nicht die Unbrauchbarkeit akademischer Wissensbest\u00e4nde, sondern bedeutet, Wissen unterschiedlicher fachlicher Herkunft auf realit\u00e4tsnahe Problemstellungen zu fokussieren und zu deren L\u00f6sung heranzuziehen. Der Ort, der sich hier anbietet, ist ein thematisch umgrenztes kleines Center of Excellence, ein Raum der Verbindung von Reflexion und Aktion, ein Labor f\u00fcr vertiefende, praxisbedeutsame Studien. Diese Orte sollen wichtige lokale und regionale Themen widerspiegeln. Curriculumentwicklung im Rahmen des Projektes bedeutet, den staatlichen Lehrplan auf die Inhalte hin zu untersuchen, die sich in solchen Centers of Excellence verwenden lassen und dort in einen sinnstiftenden Zusammenhang gestellt werden k\u00f6nnen. Der staatliche Lehrplan wird damit nicht infrage gestellt, sondern in Teilen anders organisiert und durch Erfahrungswissen erg\u00e4nzt. Die folgenden Lernorte finden einstweilen schrittweise in der Entwicklung noch \u201aunter den B\u00e4umen\u2018 statt.<\/p>\n<p>&nbsp;<\/p>\n<p style=\"text-align: left;\"><strong>\u00a0 \u00a0 \u00a0 \u00a0 \u00d6kologische Landwirtschaft<\/strong><\/p>\n<div class=\"grid_6 column\"><img decoding=\"async\" loading=\"lazy\" class=\"\" src=\"http:\/\/school-for-life.org\/images\/Lernorte_Center_Landwirtschaft.jpg\" alt=\"\" width=\"343\" height=\"263\" \/><\/div>\n<div class=\"grid_6 column-last\">\n<p style=\"text-align: left;\">Dieser Lernbereich dient der Erkundung von M\u00f6glichkeiten \u00f6kologischer Landwirtschaft. Hier k\u00f6nnen Studien zum chemiefreien Wachstum landwirtschaftlicher Produkte betrieben werden. Der Umgang mit n\u00fctzlichen und sch\u00e4dlichen Insekten kann ebenso Thema sein wie die Wiederansiedlung von bedrohten Schmetterlings- und Vogelarten. In der Verbindung von \u00d6kologie und \u00d6konomie stellt die Farm ein lernintensives Setting dar, denn es geht neben der Deckung des Eigenbedarfs auch um den Vertrieb der Produkte, um die Erschlie\u00dfung von Marktnischen in einem durch das chemielastige Agrobusiness dominierten Umfeld.<\/p>\n<p>&nbsp;<\/p>\n<p><strong>\u00a0 \u00a0 \u00a0 \u00a0Kulturell sensitiver Tourismus<\/strong><\/p>\n<\/div>\n<div class=\"grid_6 column\"><img decoding=\"async\" src=\"http:\/\/school-for-life.org\/images\/Lernorte_Sensitiver%20Tourismus.jpg\" alt=\"\" \/><\/div>\n<div class=\"grid_6 column-last\" style=\"text-align: left;\">\n<p>Zu den sp\u00e4teren beruflichen M\u00f6glichkeiten der Kinder und Jugendlichen geh\u00f6rt die einer T\u00e4tigkeit im Bereich des kulturell sensitiven Tourismus. Fr\u00fch \u00fcbt sich: Kinder k\u00f6nnen lernen, Pfade in den Wald zu legen, den der Heilpflanzen, der wilden Gem\u00fcse und Fr\u00fcchte, der Insekten oder der Naturfarben; sie lernen den Wald als einen nachhaltig zu bewirtschaftenden Supermarkt kennen, aus dem man viel von dembeziehen kann, was man zum Leben braucht. Die Kinder und Jugendlichen k\u00f6nnen G\u00e4ste auf ein \u201aSoul Trekking\u2019 mitnehmen. Sie k\u00f6nnen Kenner ihrer Region, der D\u00f6rfer, der M\u00e4rkte, der hei\u00dfen Quellen, der Natur- und Kulturlandschaft werden und G\u00e4ste teilhaben lassen.<\/p>\n<p>&nbsp;<\/p>\n<p><strong>\u00a0 \u00a0 \u00a0 \u00a0 \u00a0 \u00a0 \u00a0Gesundheit &amp; Ern\u00e4hrung<\/strong><\/p>\n<\/div>\n<div class=\"grid_6 column\"><img decoding=\"async\" src=\"http:\/\/school-for-life.org\/images\/Center_Kochen%20und%20Ernahrung.jpg\" alt=\"\" \/><\/div>\n<div class=\"grid_6 column-last\">\n<p style=\"text-align: left;\">Der Lernort ist ein von den Familien betriebenes Restaurant auf der Farm mit Jugendlichen als K\u00f6chen und Experten f\u00fcr nordthail\u00e4ndische Spezialit\u00e4ten. Es gibt Vorerfahrungen dazu: In Manila wurde in den achtziger Jahren \u201eHapag Kalinga\u201c gegr\u00fcndet, ein Restaurant der oberen Mittelklasse mit Speisen philippinischer Regionen. Unter der Assistenz Erwachsener waren Stra\u00dfenkinder die Betreiber von \u201eHapag Kalinga\u201c. Schule war, was man lernen musste, um auf dem Gro\u00dfmarkt gute Produkte zu kleinen Preisen zu kaufen, um sehr gut zu kochen, freundlich zu servieren, zu kalkulieren, zu werben und die Qualit\u00e4t aufrecht zu erhalten. Die G\u00e4ste damals \u2013 von der Pr\u00e4sidentin Aquino bis zum Zufallsbesucher \u2013 bewunderten die Professionalit\u00e4t und den wilden Charme der Kinder.<\/p>\n<p>&nbsp;<\/p>\n<p><strong>\u00a0 \u00a0 \u00a0 \u00a0 \u00a0 \u00a0 \u00a0 \u00a0 \u00a0 \u00a0 \u00a0 \u00a0K\u00f6rper &amp; Seele<\/strong><\/p>\n<\/div>\n<div class=\"grid_6 column\"><img decoding=\"async\" src=\"http:\/\/school-for-life.org\/images\/Lernorte_Center%20Body_Soul.jpg\" alt=\"\" \/><\/div>\n<div class=\"grid_6 column-last\">\n<p style=\"text-align: left;\">Sport und Bewegung sind wesentliche Elemente in der p\u00e4dagogischen Konzeption der Schule. Beim Klettern, Balancieren oder Toben experimentieren die Kinder mit ihrer Geschicklichkeit und testen eigene Grenzen aus. Ziel eines sportdidaktischen Angebots ist es nicht nur, den Kindern Freude und Spa\u00df an der Bewegung zu vermitteln, sondern auch eine altersad\u00e4quate motorische Entwicklung zu gew\u00e4hrleisten. Positive Erfahrungen mit und durch Sport wirken sich nachhaltig auf eine resiliente Pers\u00f6nlichkeitsentwicklung aus und st\u00e4rken das Selbstbewusstsein. Die step stiftung (<a href=\"http:\/\/www.step-stiftung.de\/\" target=\"_blank\" rel=\"noopener\">www.step-stiftung.de<\/a>\u00a0und\u00a0<a href=\"http:\/\/kick-for-girls.de\/WP\/\" target=\"_blank\" rel=\"noopener\">www.kick-for-girls.de<\/a>) tr\u00e4gt die Verantwortung f\u00fcr die konzeptionelle, personelle sowie infrastrukturelle Entwicklung des Lernortes. Der Aufbau eines Curriculums umfasst sowohl Sportarten wie Fu\u00dfball, Takraw, Volleyball, Badminton und Basketball als auch erlebnisp\u00e4dagogische Angebote. Die Umsetzung steht dabei im Einklang mit den biographischen Pr\u00e4gungen und soziokulturellen Pr\u00e4ferenzen der Kinder der School for Life.<\/p>\n<p>&nbsp;<\/p>\n<p><strong>\u00a0 \u00a0 \u00a0 \u00a0 \u00a0 \u00a0 \u00a0 \u00a0Kultur &amp; Entwicklung<\/strong><\/p>\n<\/div>\n<div class=\"grid_6 column\"><img decoding=\"async\" src=\"http:\/\/school-for-life.org\/images\/Center_Kultur%20und%20Entwicklung.jpg\" alt=\"\" \/><\/div>\n<p style=\"text-align: left;\">Die T\u00e4nze und die Musik Nordthailands k\u00f6nnen gepflegt und das Kunsthandwerk erlernt werden. Zugleich kann Neues in interkulturellen Begegnungen entstehen. Workshops mit einheimischen K\u00fcnstlern und internationalen G\u00e4sten, die Kinder und Jugendliche einschlie\u00dfen, regen eigene Produktionen an. Eine interethnische Jam Session mit Bambus-Saxophonisten und Volksmusikern oder die Entwicklung einer Ethnic Fashion f\u00fcr Kinder: Es sind schon jetzt Ans\u00e4tze zu finden, die den Weg weisen.<\/p>\n<p>&nbsp;<\/p>\n<p><strong>\u00a0 \u00a0 \u00a0 \u00a0 Internationale Kommunikation<\/strong><\/p>\n<div class=\"grid_6 column\"><img decoding=\"async\" src=\"http:\/\/school-for-life.org\/images\/Lernorte_Internationale%20Kommunikation.jpg\" alt=\"\" \/><\/div>\n<p style=\"text-align: left;\">Die Kinder sollen zwei- bis dreisprachig aufwachsen und neben der Sprache ihrer Ethnie die thail\u00e4ndische sowie die englische Sprache lernen. Erwachsene werden entweder thail\u00e4ndisch oder englisch kommunizieren. Vom Englisch auf der Farm profitieren auch die Lehrer der Schule; sie wollen selber Englisch lernen, um es unterrichten zu k\u00f6nnen. Kommuniziert wird auch via Internet. Die Kinder werden \u00fcber interaktive Software mit dem Computer vertraut gemacht, sie lernen \u00fcber E-mails zu korrespondieren und sich Zugang zu Wissen zu verschaffen.<\/p>\n<p>&nbsp;<\/p>\n<p><strong>\u00a0 \u00a0 \u00a0 \u00a0 \u00a0 \u00a0 \u00a0 \u00a0 \u00a0Technologie &amp; \u00d6kologie<\/strong><\/p>\n<div class=\"grid_6 column\"><img decoding=\"async\" src=\"http:\/\/school-for-life.org\/images\/Lernorte_Technologie.jpg\" alt=\"\" \/><\/div>\n<div class=\"grid_6 column-last\">\n<p style=\"text-align: left;\">Die Tage der Sorglosigkeit im Umgang mit nat\u00fcrlichen Ressourcen sind vor\u00fcber. Sinnvoll ist eine Erziehung zu intelligenter Bescheidenheit, zur Verbindung von hoher Lebensqualit\u00e4t bei knappem Ressourcenverbrauch. Gefragt sind hochwertige, einfache, langlebige Produkte. Nicht das wechselnde \u00c4u\u00dfere, vielmehr der Kern des Produktes ist wichtig. Intelligente Bescheidenheit bedeutet, davon entlastet zu sein, in k\u00fcrzer w\u00e4hrenden Abst\u00e4nden nach Neuem zu verlangen, nur weil die Produktfassade \u201eout\u201c und eine neue \u201ein\u201c sein soll. Das Center f\u00fcr Technologie &amp; \u00d6kologie geht von der Annahme aus, dass sich beide Bereiche verbinden lassen. Kinder sind Erfinder: Sie k\u00f6nnen in Experimenten und Projekten nach kleinen Wegen zur intelligenten Bescheidenheit suchen.<\/p>\n<p>&nbsp;<\/p>\n<p><strong>\u00a0 \u00a0 \u00a0 \u00a0 \u00a0 \u00a0 \u00a0 \u00a0 \u00a0 \u00a0 \u00a0 \u00a0 \u00a0 \u00a0 \u00a0 \u00a0Think Tank<\/strong><\/p>\n<\/div>\n<div class=\"grid_6 column\"><img decoding=\"async\" src=\"http:\/\/school-for-life.org\/images\/Lernorte_Thinktanks.jpg\" alt=\"\" \/><\/div>\n<p style=\"text-align: left;\">Die School for Life will ein Ort sein, an dem internationale G\u00e4ste zusammentreffen k\u00f6nnen, um neue Ideen zu entwickeln und dem Projekt Impulse zu geben. In der Gr\u00fcndungsgeschichte der School for Life gab es Beispiele daf\u00fcr, so einen Think Tank zu \u201eBuddhist Economics\u201c oder einen anderen zu \u201eEnterprising Community Education\u201c.<\/p>\n<p>&nbsp;<\/p>\n<p><strong>\u00a0 \u00a0 \u00a0 \u00a0 \u00a0Master Student Workshops<\/strong><\/p>\n<div class=\"grid_6 column\"><img decoding=\"async\" src=\"http:\/\/school-for-life.org\/images\/Master%20Student%20Workshop.jpg\" alt=\"\" \/><\/div>\n<p style=\"text-align: left;\">Ein Gast, eigentlich Ex-Manager einer Schokoladenfabrik, entpuppt sich als Meister des Kompostierens. Ein \u201aSenior Expert\u2018 ist kompetent f\u00fcr \u00f6kologische Landwirtschaft, ein anderer f\u00fcrs Bauen mit umweltfreundlichen Materialien. Popmusiker aus Deutschland kommen auf die Farm und lassen sich von den Kindern zu zw\u00f6lf wundersch\u00f6nen und warmherzigen Songs inspirieren; die CD\/DVD \u201eHome\u201c entsteht. Master Student Workshops bringen erfahrene, kompetente Menschen aus unterschiedlichen L\u00e4ndern und Lebensbereichen zusammen. Oft entstehen daraus Folgeprojekte, die zu neuen (Lern-)Ufern f\u00fchren.<\/p>\n<p>&nbsp;<\/p>\n<p><strong>Grundlagen<\/strong><\/p>\n<p style=\"text-align: left;\">Angesichts der unterschiedlichen Sprachen, schulischen bzw. nicht-schulischen Vorerfahrungen und ethnischen Herkunft der Kinder werden t\u00e4glich Grundlagen vermittelt, die dem obligatorischen Teil des thail\u00e4ndischen Lehrplans folgen, ohne die weder eine sprachliche noch eine inhaltliche Verst\u00e4ndigung m\u00f6glich w\u00fcrde. Zu den Basics geh\u00f6ren Thai, Englisch, Mathematik, Social Studies, Gesundheitserziehung und Sport. Zu den fakultativen Angeboten z\u00e4hlen die K\u00fcnste (Tanz, Musik, Malerei). Zus\u00e4tzlich werden Kurse angeboten wie zum Beispiel Erste Hilfe. In Zeiten jenseits der Vermittlung von Grundlagen ist Raum f\u00fcr Projekte gegeben. Sie finden innerhalb von Lernbereichen statt, die die Verbindung von Theorie und Praxis, Reflexion und Aktion zulassen.<\/p>\n<\/div>\n<div class=\"grid_6 column\"><\/div>\n<div class=\"clear\"><\/div>\n<p>&nbsp;<\/p>\n<\/div>\n<\/div>\n<\/section>\n","protected":false},"excerpt":{"rendered":"<p>Orte des Lernens \/ Centers of Excellence in der School for Life Chiang Mai &nbsp; Die Absicht, von der Fixierung an Schulf\u00e4cher wegzukommen und das Curriculum mehr auf Schl\u00fcsselprobleme und \u2013situationen zu beziehen, unterstellt nicht die Unbrauchbarkeit akademischer Wissensbest\u00e4nde, sondern bedeutet, Wissen unterschiedlicher fachlicher Herkunft auf realit\u00e4tsnahe Problemstellungen zu fokussieren und zu deren L\u00f6sung heranzuziehen. [&hellip;]<\/p>\n","protected":false},"author":2,"featured_media":0,"parent":461,"menu_order":1,"comment_status":"closed","ping_status":"closed","template":"","meta":[],"_links":{"self":[{"href":"https:\/\/school-for-life.org\/de\/wp-json\/wp\/v2\/pages\/464"}],"collection":[{"href":"https:\/\/school-for-life.org\/de\/wp-json\/wp\/v2\/pages"}],"about":[{"href":"https:\/\/school-for-life.org\/de\/wp-json\/wp\/v2\/types\/page"}],"author":[{"embeddable":true,"href":"https:\/\/school-for-life.org\/de\/wp-json\/wp\/v2\/users\/2"}],"replies":[{"embeddable":true,"href":"https:\/\/school-for-life.org\/de\/wp-json\/wp\/v2\/comments?post=464"}],"version-history":[{"count":11,"href":"https:\/\/school-for-life.org\/de\/wp-json\/wp\/v2\/pages\/464\/revisions"}],"predecessor-version":[{"id":1043,"href":"https:\/\/school-for-life.org\/de\/wp-json\/wp\/v2\/pages\/464\/revisions\/1043"}],"up":[{"embeddable":true,"href":"https:\/\/school-for-life.org\/de\/wp-json\/wp\/v2\/pages\/461"}],"wp:attachment":[{"href":"https:\/\/school-for-life.org\/de\/wp-json\/wp\/v2\/media?parent=464"}],"curies":[{"name":"wp","href":"https:\/\/api.w.org\/{rel}","templated":true}]}}