{"id":461,"date":"2018-02-26T13:35:13","date_gmt":"2018-02-26T12:35:13","guid":{"rendered":"http:\/\/school-for-life.org\/?page_id=461"},"modified":"2024-06-03T12:32:23","modified_gmt":"2024-06-03T10:32:23","slug":"paedagogisches-konzept","status":"publish","type":"page","link":"https:\/\/school-for-life.org\/de\/projekt\/paedagogisches-konzept\/","title":{"rendered":"Das p\u00e4dagogische Konzept"},"content":{"rendered":"<div style='padding-bottom:10px; ' class='av-special-heading av-special-heading-h3    avia-builder-el-0  el_before_av_one_full  avia-builder-el-first   '><h3 class='av-special-heading-tag '  itemprop=\"headline\"  >Das p\u00e4dagogische Konzept<\/h3><div class='special-heading-border'><div class='special-heading-inner-border' ><\/div><\/div><\/div>\n<div class=\"flex_column av_one_full  flex_column_div av-zero-column-padding first  avia-builder-el-1  el_after_av_heading  el_before_av_three_fifth  \" style='border-radius:0px; '><section class=\"av_textblock_section \"  itemscope=\"itemscope\" itemtype=\"https:\/\/schema.org\/CreativeWork\" ><div class='avia_textblock  '   itemprop=\"text\" ><p>Das p\u00e4dagogische Konzept der School for Life kann man als Leitlinie verstehen, an der sich das Team immer wieder orientiert. In der Wirklichkeit werden die Ziele mal mehr, mal weniger und in ung\u00fcnstigen Zeiten vielleicht auch gar nicht erreicht. Man braucht Phantasie, den Willen zur \u201ebest practice\u201c und einen langen Atem.<\/p>\n<\/div><\/section><\/div><div class=\"flex_column av_three_fifth  flex_column_div av-zero-column-padding first  avia-builder-el-3  el_after_av_one_full  el_before_av_hr  column-top-margin\" style='border-radius:0px; '><div class='avia-image-container  av-styling-    avia-builder-el-4  avia-builder-el-no-sibling  avia-align-center '  itemprop=\"image\" itemscope=\"itemscope\" itemtype=\"https:\/\/schema.org\/ImageObject\"  ><div class='avia-image-container-inner'><div class='avia-image-overlay-wrap'><img class='avia_image' src='https:\/\/school-for-life.org\/wp-content\/uploads\/2021\/02\/202102_5.jpg' alt='' title='202102_5' height=\"1660\" width=\"2500\"  itemprop=\"thumbnailUrl\"  \/><\/div><\/div><\/div><\/div><\/p>\n<div  class='hr hr-default   avia-builder-el-5  el_after_av_three_fifth  el_before_av_one_half '><span class='hr-inner ' ><span class='hr-inner-style'><\/span><\/span><\/div>\n<div class=\"flex_column av_one_half  flex_column_div av-zero-column-padding first  avia-builder-el-6  el_after_av_hr  el_before_av_one_half  \" style='border-radius:0px; '><div class='avia-image-container avia_animated_image avia_animate_when_almost_visible fade-in av-styling-  noHover  av-overlay-hover-deactivate   avia-builder-el-7  avia-builder-el-no-sibling  avia-align-center '  itemprop=\"image\" itemscope=\"itemscope\" itemtype=\"https:\/\/schema.org\/ImageObject\"  ><div class='avia-image-container-inner'><div class='avia-image-overlay-wrap'><a href='https:\/\/school-for-life.org\/wp-content\/uploads\/2024\/06\/SfL-CM-Schoolyear-2024-25-pdf-728x1030.jpg' class='avia_image'  ><div class='av-image-caption-overlay'><div class='av-caption-image-overlay-bg' style='opacity:0.4; background-color:#000000; '><\/div><div class='av-image-caption-overlay-position'><div class='av-image-caption-overlay-center' style='color:#ffffff; font-size:15px; '><p>Calender school year 2024\/25<\/p>\n<\/div><\/div><\/div><img class='avia_image ' src='https:\/\/school-for-life.org\/wp-content\/uploads\/2024\/06\/SfL-CM-Schoolyear-2024-25-pdf.jpg' alt='' title=''  itemprop=\"thumbnailUrl\"  \/><\/a><\/div><\/div><\/div><\/div><div class=\"flex_column av_one_half  flex_column_div av-zero-column-padding   avia-builder-el-8  el_after_av_one_half  el_before_av_hr  \" style='border-radius:0px; '><div class='avia-image-container avia_animated_image avia_animate_when_almost_visible fade-in av-styling-  noHover  av-overlay-hover-deactivate   avia-builder-el-9  avia-builder-el-no-sibling  avia-align-center '  itemprop=\"image\" itemscope=\"itemscope\" itemtype=\"https:\/\/schema.org\/ImageObject\"  ><div class='avia-image-container-inner'><div class='avia-image-overlay-wrap'><a href='https:\/\/school-for-life.org\/wp-content\/uploads\/2024\/06\/SfL-CM-Weekly-Program-2024_2025-pdf-1030x728.jpg' class='avia_image'  ><div class='av-image-caption-overlay'><div class='av-caption-image-overlay-bg' style='opacity:0.4; background-color:#000000; '><\/div><div class='av-image-caption-overlay-position'><div class='av-image-caption-overlay-center' style='color:#ffffff; font-size:15px; '><p>Weekly schedule school year 2024\/25<\/p>\n<\/div><\/div><\/div><img class='avia_image ' src='https:\/\/school-for-life.org\/wp-content\/uploads\/2024\/06\/SfL-CM-Weekly-Program-2024_2025-pdf.jpg' alt='' title=''  itemprop=\"thumbnailUrl\"  \/><\/a><\/div><\/div><\/div><\/div><div  class='hr hr-default   avia-builder-el-10  el_after_av_one_half  el_before_av_textblock '><span class='hr-inner ' ><span class='hr-inner-style'><\/span><\/span><\/div><\/p>\n<section class=\"av_textblock_section \"  itemscope=\"itemscope\" itemtype=\"https:\/\/schema.org\/CreativeWork\" ><div class='avia_textblock  '   itemprop=\"text\" ><p><strong>Entdeckendes Lernen<\/strong><\/p>\n<p><img decoding=\"async\" loading=\"lazy\" class=\"wp-image-918 alignright\" src=\"http:\/\/school-for-life.org\/wp-content\/uploads\/2018\/06\/padagogische-leitlinien_fertig-55x300.jpg\" alt=\"\" width=\"242\" height=\"1320\" srcset=\"https:\/\/school-for-life.org\/wp-content\/uploads\/2018\/06\/padagogische-leitlinien_fertig-55x300.jpg 55w, https:\/\/school-for-life.org\/wp-content\/uploads\/2018\/06\/padagogische-leitlinien_fertig-189x1030.jpg 189w, https:\/\/school-for-life.org\/wp-content\/uploads\/2018\/06\/padagogische-leitlinien_fertig-129x705.jpg 129w, https:\/\/school-for-life.org\/wp-content\/uploads\/2018\/06\/padagogische-leitlinien_fertig-183x999.jpg 183w, https:\/\/school-for-life.org\/wp-content\/uploads\/2018\/06\/padagogische-leitlinien_fertig.jpg 220w\" sizes=\"(max-width: 242px) 100vw, 242px\" \/><\/p>\n<p>Kinder sind, wenn man sie nicht behindert, aktive Mitgestalter ihrer Lernprozesse. Sie sind neugierig, eigenmotiviert, lernen im Versuch und Irrtum, bevorzugen die Verbindung von \u201aTheorie\u2019 und \u201aPraxis\u2019, die Chance eines \u201alearning by doing\u2019. Die Farm kann man wie eine Basisstation Jules Verne\u2019scher Entdeckungsreisen verstehen. Der Erwerb von Wissen, von F\u00e4higkeiten und Fertigkeiten dient dem Fortgang der von den Kindern betriebenen Projekte. Die P\u00e4dagogen wirken nicht mehr wie Dompteure, die die gesamte Klasse \u00fcber einen Leisten zu scheren versuchen, sie sind vielmehr Anreger, Entwicklungsbegleiter, Assistenten der Forschungs- und Entdeckungsreisen.<\/p>\n<div align=\"justify\">\n<div align=\"justify\">\n<p><strong>Auf die eigenen F\u00fc\u00dfe fallen<\/strong><\/p>\n<p>Bei den berufsbildenden Schulen gehen die Vorstellungen der thail\u00e4ndischen National Education Kommission ein deutliches St\u00fcck \u00fcber den Stand der internationalen Diskussion hinaus. Sie sollen zu \u201eEntrepreneurial Schools\u201c weiterentwickelt werden und die Absolventen mit einer Doppelqualifikation ausr\u00fcsten: der F\u00e4higkeit zum teamf\u00e4higen Arbeitnehmer wie auch der Bef\u00e4higung zum \u201einnovative entrepreneurship\u201c mit der Schaffung von Arbeitspl\u00e4tzen. Die Pilotstudie \u201eThe Development of Entrepreneurial Schools in Thailand\u201c (Zimmer \/ Puntasen \/ Suksirikul \/ Wawsri 2001) pr\u00e4gt auch die School for Life.<\/p>\n<p>Das Ziel lautet: Erziehung zum Unternehmensgeist. Ein innovativer Entrepreneur ist ein Habenichts, der an einer unternehmerischen Idee feilt und sie im Markt verwirklicht. Sein bestes Kapital ist eine gute Idee, die zur Verbesserung von Lebensqualit\u00e4t beitr\u00e4gt. Dieser andere Unternehmer handelt sozial und \u00f6kologisch verantwortlich und kommt ohne die Pl\u00fcnderung von Ressourcen aus. Untersucht man Lebensl\u00e4ufe von Menschen, die den Sprung in die Selbstst\u00e4ndigkeit gewagt haben, f\u00e4llt auf, dass sie bereits in ihrer Kindheit unternehmerische Initiative entfalteten und mit konventioneller Schule eher ihre Schwierigkeiten hatten. Die School for Life will einen Rahmen schaffen, der Kinder und Jugendliche darin ermuntert, auf spielerische Weise \u2013 ohne den Zwang der Existenzgr\u00fcndung \u2013 unternehmerische Ideen zu entwickeln und zu erproben. Kinder und Jugendliche bereiten sich damit auf sp\u00e4tere Situationen vor, in denen es wichtig sein wird, sich und anderen einen Arbeitsplatz zu schaffen (statt nicht vorhandenen hinterherzulaufen) und Armut zu \u00fcberwinden. Entrepreneurship Education bedeutet nicht die Ermunterung zur ungebremsten Beteiligung an einer sich rascher drehenden Konsumspirale, sondern die Erziehung zur intelligenten Bescheidenheit mit dem Ziel hoher Lebensqualit\u00e4t bei knappem Verbrauch von Ressourcen.<\/p>\n<p><strong>Entwicklung des Gemeinwesens<\/strong><\/p>\n<p>Community Education bedeutet \u201elearning in, with and for the community\u201c. Lernen wird als Beteiligung an einer nachhaltigen Entwicklung des Gemeinwesens verstanden. Community Schools \u00f6ffnen sich nach innen und au\u00dfen und beteiligen sich an der Entwicklung und Gestaltung des Gemeinwesens. Die School for Life und das nahe gelegene Dorf Pongkum bilden ein Netz, das solchen Entwicklungen im Kleinen dienlich ist. In Beispielen: Die Farm schafft Arbeitspl\u00e4tze f\u00fcr Menschen aus dem Dorf und vermittelt ihnen Kompetenz im Bereich \u00f6kologischer Landwirtschaft. Die Dorfschule entwickelte zusammen mit Kindern und G\u00e4sten der School for Life einen Wertstoffhof, der dem Recycling des Dorfm\u00fclls dient; die Kinder werden zu Managern und Sachverst\u00e4ndigen des Recycling.<\/p>\n<\/div>\n<\/div>\n<p><strong>Der Lehrplan der SfL Chiang Mai<\/strong><\/p>\n<p>Der thail\u00e4ndische nationale Lehrplan wurde an der School for Life mit der Ausstellung einer Schullizenz (private Sozialschule) eingef\u00fchrt. In Chiang Mai umfasst diese Lizenz die Grundschulklassen eins bis sechs mit den folgenden F\u00e4chern:<\/p>\n<p>In Chiang Mai ist auch die Junior High School (Klassen sieben bis neun) mit den folgenden Zusatzf\u00e4chern enthalten:<\/p>\n<p>Im Hinblick auf die unterschiedlichen Religionszugeh\u00f6rigkeiten der Kinder sollen entsprechende Klassen (Buddhismus, Christentum und Islam) und vergleichende Religionskurse angeboten werden.<\/p>\n<p>Sechzig Prozent der nationalen Lehrplaninhalte wurden auferlegt, weitere vierzig Prozent stehen der individuellen Lehrplanentwicklung offen. Die obligatorischen 60%, die auferlegt werden, existieren bereits und bed\u00fcrfen keiner weiteren Entwicklung.<\/p>\n<p>Auch f\u00fcr den Kindergarten (Pre-School) gibt es einen Rahmen. Der Rahmen folgt einem flexiblen Ansatz, um Raum f\u00fcr eine eigenst\u00e4ndige Entwicklung zu schaffen, die auf den Prinzipien eines situativen Ansatzes basiert.<\/p>\n<p><strong>Der Situationsansatz<\/strong><\/p>\n<p>Der Lehrplan ist nach Lernumgebungen gegliedert, die als &#8222;Centres of Excellence&#8220; bezeichnet werden. F\u00fcr jede dieser Umgebungen werden Curriculumsmodule entwickelt, die auf den wichtigsten realen Problemen basieren; die Kinder werden motiviert, diese Probleme anzugehen und zu l\u00f6sen. Das bedeutet die Schaffung von Szenarien, relevanten Situationen und deren Umgebungsbedingungen. Ein &#8222;Spirit of Entrepreneurship&#8220; pr\u00e4gt jedes Kompetenzzentrum und Entrepreneurship Education ist gepaart mit der Bildung zu intelligenter Bescheidenheit.<\/p>\n<p><strong>Allgemeine Ziele<\/strong><\/p>\n<p>Ziel des Situationsansatzes ist es, Jugendliche und Kinder bei der Entwicklung einer autonomen und kompetenten Auseinandersetzung mit aktuellen und zuk\u00fcnftigen Problemen in Bezug auf ihre Gemeinschaften zu unterst\u00fctzen (Solidarit\u00e4t).<\/p>\n<p>Autonomie bezieht sich auf Selbstbestimmung, Eigeninitiative und Unabh\u00e4ngigkeit. Kompetenz setzt Wissen und K\u00f6nnen voraus, um in komplexen Situationen richtig zu handeln. Kompetenz wird in einem umfassenden sozialen Umfeld vermittelt, weshalb sich der Situationsansatz von einer konventionellen Wissensvermittlung unterscheidet, die sich nur auf einzelne &#8222;St\u00fccke einer Torte&#8220; konzentriert.<\/p>\n<p>Solidarit\u00e4t bedeutet ein Gef\u00fchl der Gemeinschaft und ein Bewusstsein daf\u00fcr, die Welt zu teilen. Dazu geh\u00f6rt der Schutz der Schwachen, nicht die Diskriminierung anderer, Gerechtigkeit, Frieden und das Streben nach Vers\u00f6hnung, nicht die Macht \u00fcber andere.<\/p>\n<p><strong>Verbindung des nationalen Lehrplans mit den Kompetenzzentren<\/strong><\/p>\n<p>Je mehr Projekte innerhalb der Centres of Excellence entwickelt werden, desto mehr Themen des auferlegten Teils des Lehrplans werden in die neue Struktur \u00fcbertragen. Da die Entwicklung von Projekten zus\u00e4tzliches Wissen erfordert, das in konventionellen F\u00e4chern nicht abgedeckt ist, m\u00fcssen andere Wissensquellen wie das Internet, B\u00fccher, erfahrene Experten und Praktikanten erschlossen werden.<\/p>\n<p>Das nationale Curriculum wird nicht abgeschafft, sondern seine Elemente werden teilweise angepasst und neu strukturiert. Das Wissen aus konventionellen und anderen Quellen wird auf die Projekte der Centres of Excellence fokussiert und angewendet.<\/p>\n<p><strong>Lehrerfortbildung<\/strong><\/p>\n<p>Die laufende Lehrerfortbildung orientiert sich am Konzept der School for Life und basiert auf den Ideen des Entdeckungslernens, des Lernens in Projekten, der Social Entrepreneurship Bildung und dem situativen Ansatz.<\/p>\n<p>Um die ungleichen Ausgangspositionen benachteiligter Kinder auszugleichen, reicht es nicht aus, sie in ein Kinderheim zu stecken und in eine regul\u00e4re Schule zu schicken. Mit diesem Projekt, das auf eine erstklassige Bildung abzielt, soll sich in der Schule ein modernes Lern- und Wissensmanagement leichter entfalten , als es innerhalb der Grenzen einer regul\u00e4ren Regelschule m\u00f6glich w\u00e4re. Das thail\u00e4ndische Bildungsministerium ist an dieser Entwicklung interessiert und hofft, freie Impulse f\u00fcr andere Schulen in Thailand zu setzen.<\/p>\n<p>Die Absicht, sich teilweise von einer Orientierung an Schulf\u00e4chern zu l\u00f6sen und den Lehrplan auch auf Schl\u00fcsselprobleme und Schl\u00fcsselsituationen zu beziehen, bedeutet nicht, dass das akademische Wissen als nutzlos aufgegeben wird. Es bedeutet, das Wissen aus verschiedenen Themenbereichen auf reale Probleme zu konzentrieren und das Wissen auf Probleml\u00f6sungen anzuwenden. Ein geeigneter Ort daf\u00fcr ist ein kleines Kompetenzzentrum, ein Raum, in dem Reflexion und Handeln kombiniert werden k\u00f6nnen, ein Labor f\u00fcr vertiefte, praktische Studien. Diese Bl\u00f6cke sollten wichtige lokale und regionale Themen widerspiegeln.<\/p>\n<p>Die Curriculum-Entwicklung innerhalb des Projekts bedeutet, das staatliche Curriculum auf seinen Einsatz in solchen Exzellenzzentren und daraufhin zu untersuchen, wie es in einen sinnvollen Kontext gestellt werden kann. Der Lehrplan des Staates wird nicht in Frage gestellt, er ist lediglich anders organisiert und auf der Grundlage von Erfahrungen erweitert.<\/p>\n<hr \/>\n<p>Die englische Fassung des ausf\u00fchrlichen p\u00e4dagogischen Konzepts finden sie unter:<\/p>\n<p><a href=\"https:\/\/school-for-life.org\/wp-content\/uploads\/2021\/02\/SfL-Konzept-2003-2016_fin-1.pdf\">School for Life-Konzept 2003<\/a><\/p>\n<p>The translated concept in Thai language:<\/p>\n<p><a href=\"https:\/\/school-for-life.org\/wp-content\/uploads\/2021\/02\/School-for-Life-Concept-of-Ed-Entrepreneurial-Excellence_THAI_-2.8.2020.pdf\">School for Life-Concept of Ed &amp; Entrepreneurial Excellence_Thai<\/a><\/p>\n<\/div><\/section>\n","protected":false},"excerpt":{"rendered":"","protected":false},"author":2,"featured_media":0,"parent":285,"menu_order":3,"comment_status":"closed","ping_status":"closed","template":"","meta":[],"_links":{"self":[{"href":"https:\/\/school-for-life.org\/de\/wp-json\/wp\/v2\/pages\/461"}],"collection":[{"href":"https:\/\/school-for-life.org\/de\/wp-json\/wp\/v2\/pages"}],"about":[{"href":"https:\/\/school-for-life.org\/de\/wp-json\/wp\/v2\/types\/page"}],"author":[{"embeddable":true,"href":"https:\/\/school-for-life.org\/de\/wp-json\/wp\/v2\/users\/2"}],"replies":[{"embeddable":true,"href":"https:\/\/school-for-life.org\/de\/wp-json\/wp\/v2\/comments?post=461"}],"version-history":[{"count":28,"href":"https:\/\/school-for-life.org\/de\/wp-json\/wp\/v2\/pages\/461\/revisions"}],"predecessor-version":[{"id":4617,"href":"https:\/\/school-for-life.org\/de\/wp-json\/wp\/v2\/pages\/461\/revisions\/4617"}],"up":[{"embeddable":true,"href":"https:\/\/school-for-life.org\/de\/wp-json\/wp\/v2\/pages\/285"}],"wp:attachment":[{"href":"https:\/\/school-for-life.org\/de\/wp-json\/wp\/v2\/media?parent=461"}],"curies":[{"name":"wp","href":"https:\/\/api.w.org\/{rel}","templated":true}]}}