{"id":449,"date":"2018-02-26T13:33:50","date_gmt":"2018-02-26T12:33:50","guid":{"rendered":"http:\/\/school-for-life.org\/?page_id=449"},"modified":"2024-05-31T17:23:33","modified_gmt":"2024-05-31T15:23:33","slug":"team","status":"publish","type":"page","link":"https:\/\/school-for-life.org\/de\/chiang-mai\/team\/","title":{"rendered":"Das Team der SfL"},"content":{"rendered":"<div style='padding-bottom:10px; ' class='av-special-heading av-special-heading-h3    avia-builder-el-0  el_before_av_one_half  avia-builder-el-first  '><h3 class='av-special-heading-tag '  itemprop=\"headline\"  >Das Team der School for Life<\/h3><div class='special-heading-border'><div class='special-heading-inner-border' ><\/div><\/div><\/div>\n<div class=\"flex_column av_one_half  flex_column_div av-zero-column-padding first  avia-builder-el-1  el_after_av_heading  el_before_av_one_half  \" style='border-radius:0px; '><div class='avia-image-container avia_animated_image avia_animate_when_almost_visible fade-in av-styling-  noHover  av-overlay-on-hover   avia-builder-el-2  avia-builder-el-no-sibling  avia-align-center '  itemprop=\"image\" itemscope=\"itemscope\" itemtype=\"https:\/\/schema.org\/ImageObject\"  ><div class='avia-image-container-inner'><div class='avia-image-overlay-wrap'><a href='https:\/\/school-for-life.org\/wp-content\/uploads\/2024\/05\/Teacher-1030x773.jpeg' class='avia_image'  ><div class='av-image-caption-overlay'><div class='av-caption-image-overlay-bg' style='opacity:0.4; background-color:#000000; '><\/div><div class='av-image-caption-overlay-position'><div class='av-image-caption-overlay-center' style='color:#ffffff; '><p>Lehrkr\u00e4fte und Familienmentor*innen<\/p>\n<\/div><\/div><\/div><img class='avia_image ' src='https:\/\/school-for-life.org\/wp-content\/uploads\/2024\/05\/Teacher.jpeg' alt='' title='Teacher'  itemprop=\"thumbnailUrl\"  \/><\/a><\/div><\/div><\/div><\/div><div class=\"flex_column av_one_half  flex_column_div av-zero-column-padding   avia-builder-el-3  el_after_av_one_half  el_before_av_hr  \" style='border-radius:0px; '><div class='avia-image-container avia_animated_image avia_animate_when_almost_visible fade-in av-styling-  noHover  av-overlay-on-hover   avia-builder-el-4  avia-builder-el-no-sibling  avia-align-center '  itemprop=\"image\" itemscope=\"itemscope\" itemtype=\"https:\/\/schema.org\/ImageObject\"  ><div class='avia-image-container-inner'><div class='avia-image-overlay-wrap'><a href='https:\/\/school-for-life.org\/wp-content\/uploads\/2024\/05\/Staff-1030x773.jpeg' class='avia_image'  ><div class='av-image-caption-overlay'><div class='av-caption-image-overlay-bg' style='opacity:0.4; background-color:#000000; '><\/div><div class='av-image-caption-overlay-position'><div class='av-image-caption-overlay-center' style='color:#ffffff; '><p>Weiteres Personal<\/p>\n<\/div><\/div><\/div><img class='avia_image ' src='https:\/\/school-for-life.org\/wp-content\/uploads\/2024\/05\/Staff.jpeg' alt='' title='Staff'  itemprop=\"thumbnailUrl\"  \/><\/a><\/div><\/div><\/div><\/div><div  class='hr hr-default   avia-builder-el-5  el_after_av_one_half  el_before_av_textblock '><span class='hr-inner ' ><span class='hr-inner-style'><\/span><\/span><\/div><\/p>\n<section class=\"av_textblock_section \"  itemscope=\"itemscope\" itemtype=\"https:\/\/schema.org\/CreativeWork\" ><div class='avia_textblock  '   itemprop=\"text\" ><p>Die Kinder der School for Life leben im Schnitt mit 20 Erwachsenen auf dem Campus. Die Direktorin Siriporn Hanfaifa und der Communication Manager Mr. Jo sind vor Ort die Hauptansprechpersonen, wenn es allgemein um das Projekt geht. Mr. Jo managet au\u00dferdem u.a. die Kommunikation mit externen Kooperationspartnern, G\u00e4sten, und den E-Mailkontakt.<\/p>\n<p>Den Kern der Arbeit leisten die Lehrkr\u00e4fte. Sie sind rund um die Uhr f\u00fcr die Kinder da, denn sie sind nicht nur Lehrer*innen, sondern \u00fcbernehmen auch die Sorgepflicht, sind Ersatzeltern und gew\u00e4hrleisten den reibungslosen Alltag vom ersten Hahnkr\u00e4hen und das Aufwachen der Kinder bis zur n\u00e4chtlichen Stille und zur Ruhe kommen. Einige Lehrkr\u00e4fte sind bereits mehr als 6 Jahre dort und k\u00f6nnen den neuen Lehrkr\u00e4ften gute Mentor*innen sein.<\/p>\n<p style=\"text-align: center;\">\n<\/div><\/section>\n<div class=\"flex_column av_one_full  flex_column_div av-zero-column-padding first  avia-builder-el-7  el_after_av_textblock  avia-builder-el-last  column-top-margin\" style='border-radius:0px; '><div class='avia-image-container avia_animated_image avia_animate_when_almost_visible fade-in av-styling-    avia-builder-el-8  avia-builder-el-no-sibling  avia-align-center '  itemprop=\"image\" itemscope=\"itemscope\" itemtype=\"https:\/\/schema.org\/ImageObject\"  ><div class='avia-image-container-inner'><div class='avia-image-overlay-wrap'><a href='https:\/\/school-for-life.org\/wp-content\/uploads\/2024\/05\/Organizational-Chart-2024-2025-2-pdf-1030x728.jpg' class='avia_image'  ><img class='avia_image ' src='https:\/\/school-for-life.org\/wp-content\/uploads\/2024\/05\/Organizational-Chart-2024-2025-2-pdf.jpg' alt='' title=''  itemprop=\"thumbnailUrl\"  \/><\/a><\/div><\/div><\/div><\/div>\n","protected":false},"excerpt":{"rendered":"","protected":false},"author":9,"featured_media":0,"parent":196,"menu_order":2,"comment_status":"closed","ping_status":"closed","template":"","meta":[],"_links":{"self":[{"href":"https:\/\/school-for-life.org\/de\/wp-json\/wp\/v2\/pages\/449"}],"collection":[{"href":"https:\/\/school-for-life.org\/de\/wp-json\/wp\/v2\/pages"}],"about":[{"href":"https:\/\/school-for-life.org\/de\/wp-json\/wp\/v2\/types\/page"}],"author":[{"embeddable":true,"href":"https:\/\/school-for-life.org\/de\/wp-json\/wp\/v2\/users\/9"}],"replies":[{"embeddable":true,"href":"https:\/\/school-for-life.org\/de\/wp-json\/wp\/v2\/comments?post=449"}],"version-history":[{"count":51,"href":"https:\/\/school-for-life.org\/de\/wp-json\/wp\/v2\/pages\/449\/revisions"}],"predecessor-version":[{"id":4592,"href":"https:\/\/school-for-life.org\/de\/wp-json\/wp\/v2\/pages\/449\/revisions\/4592"}],"up":[{"embeddable":true,"href":"https:\/\/school-for-life.org\/de\/wp-json\/wp\/v2\/pages\/196"}],"wp:attachment":[{"href":"https:\/\/school-for-life.org\/de\/wp-json\/wp\/v2\/media?parent=449"}],"curies":[{"name":"wp","href":"https:\/\/api.w.org\/{rel}","templated":true}]}}