{"id":439,"date":"2018-02-26T13:30:29","date_gmt":"2018-02-26T12:30:29","guid":{"rendered":"http:\/\/school-for-life.org\/?page_id=439"},"modified":"2024-05-31T16:52:24","modified_gmt":"2024-05-31T14:52:24","slug":"kinder","status":"publish","type":"page","link":"https:\/\/school-for-life.org\/de\/projekt\/anfaenge\/kinder\/","title":{"rendered":"Die Kinder der School for Life"},"content":{"rendered":"<h3>Viele Kinder, viele Geschichten, viele Ethnien<\/h3>\n<p><img decoding=\"async\" loading=\"lazy\" class=\"alignnone wp-image-907\" src=\"http:\/\/school-for-life.org\/wp-content\/uploads\/2018\/06\/die-kinder_kindergeschichten_fertig-300x201.jpg\" alt=\"\" width=\"1030\" height=\"690\" srcset=\"https:\/\/school-for-life.org\/wp-content\/uploads\/2018\/06\/die-kinder_kindergeschichten_fertig-300x201.jpg 300w, https:\/\/school-for-life.org\/wp-content\/uploads\/2018\/06\/die-kinder_kindergeschichten_fertig-450x302.jpg 450w, https:\/\/school-for-life.org\/wp-content\/uploads\/2018\/06\/die-kinder_kindergeschichten_fertig.jpg 470w\" sizes=\"(max-width: 1030px) 100vw, 1030px\" \/><\/p>\n<div align=\"justify\">\n<p style=\"text-align: left;\">Die Kinder der School for Life stammen aus verschiedenen Regionen Nordthailands und geh\u00f6ren verschiedenen Ethnien an. Diese Tatsache wird im p\u00e4dagogischen Konzept ber\u00fccksichtigt und spielt in jeder Woche eine Rolle. In ihren traditionellen Trachten leben die Kinder ihre kulturellen und sprachlichen Traditionen und erleben dieses von den anderen Sch\u00fclerinnen und Sch\u00fclern der Schule.<\/p>\n<p><img decoding=\"async\" loading=\"lazy\" class=\"alignright wp-image-4474 size-full\" src=\"https:\/\/school-for-life.org\/wp-content\/uploads\/2024\/05\/All-kids.jpeg\" alt=\"\" width=\"2048\" height=\"1536\" srcset=\"https:\/\/school-for-life.org\/wp-content\/uploads\/2024\/05\/All-kids.jpeg 2048w, https:\/\/school-for-life.org\/wp-content\/uploads\/2024\/05\/All-kids-300x225.jpeg 300w, https:\/\/school-for-life.org\/wp-content\/uploads\/2024\/05\/All-kids-1030x773.jpeg 1030w, https:\/\/school-for-life.org\/wp-content\/uploads\/2024\/05\/All-kids-768x576.jpeg 768w, https:\/\/school-for-life.org\/wp-content\/uploads\/2024\/05\/All-kids-1536x1152.jpeg 1536w, https:\/\/school-for-life.org\/wp-content\/uploads\/2024\/05\/All-kids-1500x1125.jpeg 1500w, https:\/\/school-for-life.org\/wp-content\/uploads\/2024\/05\/All-kids-705x529.jpeg 705w, https:\/\/school-for-life.org\/wp-content\/uploads\/2024\/05\/All-kids-450x338.jpeg 450w\" sizes=\"(max-width: 2048px) 100vw, 2048px\" \/><\/p>\n<p><strong>2024\/25<\/strong> leben Kinder aus den folgenden Ethnien in der School for Life:<\/p>\n<\/div>\n<div align=\"justify\">\n<p><strong>Lahu<\/strong><\/p>\n<p><img decoding=\"async\" loading=\"lazy\" class=\"alignright wp-image-4549 size-full\" src=\"https:\/\/school-for-life.org\/wp-content\/uploads\/2024\/05\/Lahu-trip.jpeg\" alt=\"\" width=\"2048\" height=\"1536\" srcset=\"https:\/\/school-for-life.org\/wp-content\/uploads\/2024\/05\/Lahu-trip.jpeg 2048w, https:\/\/school-for-life.org\/wp-content\/uploads\/2024\/05\/Lahu-trip-300x225.jpeg 300w, https:\/\/school-for-life.org\/wp-content\/uploads\/2024\/05\/Lahu-trip-1030x773.jpeg 1030w, https:\/\/school-for-life.org\/wp-content\/uploads\/2024\/05\/Lahu-trip-768x576.jpeg 768w, https:\/\/school-for-life.org\/wp-content\/uploads\/2024\/05\/Lahu-trip-1536x1152.jpeg 1536w, https:\/\/school-for-life.org\/wp-content\/uploads\/2024\/05\/Lahu-trip-1500x1125.jpeg 1500w, https:\/\/school-for-life.org\/wp-content\/uploads\/2024\/05\/Lahu-trip-705x529.jpeg 705w, https:\/\/school-for-life.org\/wp-content\/uploads\/2024\/05\/Lahu-trip-450x338.jpeg 450w\" sizes=\"(max-width: 2048px) 100vw, 2048px\" \/><\/p>\n<\/div>\n<div align=\"justify\">\n<p><strong>Lisu<\/strong><\/p>\n<\/div>\n<p><img decoding=\"async\" loading=\"lazy\" class=\"alignright wp-image-4555 size-full\" src=\"https:\/\/school-for-life.org\/wp-content\/uploads\/2024\/05\/Lisu-Tripe.jpeg\" alt=\"\" width=\"2048\" height=\"1536\" srcset=\"https:\/\/school-for-life.org\/wp-content\/uploads\/2024\/05\/Lisu-Tripe.jpeg 2048w, https:\/\/school-for-life.org\/wp-content\/uploads\/2024\/05\/Lisu-Tripe-300x225.jpeg 300w, https:\/\/school-for-life.org\/wp-content\/uploads\/2024\/05\/Lisu-Tripe-1030x773.jpeg 1030w, https:\/\/school-for-life.org\/wp-content\/uploads\/2024\/05\/Lisu-Tripe-768x576.jpeg 768w, https:\/\/school-for-life.org\/wp-content\/uploads\/2024\/05\/Lisu-Tripe-1536x1152.jpeg 1536w, https:\/\/school-for-life.org\/wp-content\/uploads\/2024\/05\/Lisu-Tripe-1500x1125.jpeg 1500w, https:\/\/school-for-life.org\/wp-content\/uploads\/2024\/05\/Lisu-Tripe-705x529.jpeg 705w, https:\/\/school-for-life.org\/wp-content\/uploads\/2024\/05\/Lisu-Tripe-450x338.jpeg 450w\" sizes=\"(max-width: 2048px) 100vw, 2048px\" \/><\/p>\n<div align=\"justify\">\n<p><strong>Hmong<\/strong><\/p>\n<\/div>\n<div align=\"justify\">\n<p><img decoding=\"async\" loading=\"lazy\" class=\"alignright wp-image-4558 size-full\" src=\"https:\/\/school-for-life.org\/wp-content\/uploads\/2024\/05\/Hmong-tribe.jpeg\" alt=\"\" width=\"2048\" height=\"1536\" srcset=\"https:\/\/school-for-life.org\/wp-content\/uploads\/2024\/05\/Hmong-tribe.jpeg 2048w, https:\/\/school-for-life.org\/wp-content\/uploads\/2024\/05\/Hmong-tribe-300x225.jpeg 300w, https:\/\/school-for-life.org\/wp-content\/uploads\/2024\/05\/Hmong-tribe-1030x773.jpeg 1030w, https:\/\/school-for-life.org\/wp-content\/uploads\/2024\/05\/Hmong-tribe-768x576.jpeg 768w, https:\/\/school-for-life.org\/wp-content\/uploads\/2024\/05\/Hmong-tribe-1536x1152.jpeg 1536w, https:\/\/school-for-life.org\/wp-content\/uploads\/2024\/05\/Hmong-tribe-1500x1125.jpeg 1500w, https:\/\/school-for-life.org\/wp-content\/uploads\/2024\/05\/Hmong-tribe-705x529.jpeg 705w, https:\/\/school-for-life.org\/wp-content\/uploads\/2024\/05\/Hmong-tribe-450x338.jpeg 450w\" sizes=\"(max-width: 2048px) 100vw, 2048px\" \/><\/p>\n<p><strong>Karen<\/strong><\/p>\n<\/div>\n<p><img decoding=\"async\" loading=\"lazy\" class=\"alignright wp-image-4561 size-full\" src=\"https:\/\/school-for-life.org\/wp-content\/uploads\/2024\/05\/Karen-Tripe.jpeg\" alt=\"\" width=\"2048\" height=\"1536\" srcset=\"https:\/\/school-for-life.org\/wp-content\/uploads\/2024\/05\/Karen-Tripe.jpeg 2048w, https:\/\/school-for-life.org\/wp-content\/uploads\/2024\/05\/Karen-Tripe-300x225.jpeg 300w, https:\/\/school-for-life.org\/wp-content\/uploads\/2024\/05\/Karen-Tripe-1030x773.jpeg 1030w, https:\/\/school-for-life.org\/wp-content\/uploads\/2024\/05\/Karen-Tripe-768x576.jpeg 768w, https:\/\/school-for-life.org\/wp-content\/uploads\/2024\/05\/Karen-Tripe-1536x1152.jpeg 1536w, https:\/\/school-for-life.org\/wp-content\/uploads\/2024\/05\/Karen-Tripe-1500x1125.jpeg 1500w, https:\/\/school-for-life.org\/wp-content\/uploads\/2024\/05\/Karen-Tripe-705x529.jpeg 705w, https:\/\/school-for-life.org\/wp-content\/uploads\/2024\/05\/Karen-Tripe-450x338.jpeg 450w\" sizes=\"(max-width: 2048px) 100vw, 2048px\" \/><\/p>\n<div align=\"justify\">\n<p><strong>Akha<\/strong><\/p>\n<\/div>\n<p><img decoding=\"async\" loading=\"lazy\" class=\"alignright wp-image-4564 size-full\" src=\"https:\/\/school-for-life.org\/wp-content\/uploads\/2024\/05\/Akha-tripe.jpeg\" alt=\"\" width=\"2048\" height=\"1536\" srcset=\"https:\/\/school-for-life.org\/wp-content\/uploads\/2024\/05\/Akha-tripe.jpeg 2048w, https:\/\/school-for-life.org\/wp-content\/uploads\/2024\/05\/Akha-tripe-300x225.jpeg 300w, https:\/\/school-for-life.org\/wp-content\/uploads\/2024\/05\/Akha-tripe-1030x773.jpeg 1030w, https:\/\/school-for-life.org\/wp-content\/uploads\/2024\/05\/Akha-tripe-768x576.jpeg 768w, https:\/\/school-for-life.org\/wp-content\/uploads\/2024\/05\/Akha-tripe-1536x1152.jpeg 1536w, https:\/\/school-for-life.org\/wp-content\/uploads\/2024\/05\/Akha-tripe-1500x1125.jpeg 1500w, https:\/\/school-for-life.org\/wp-content\/uploads\/2024\/05\/Akha-tripe-705x529.jpeg 705w, https:\/\/school-for-life.org\/wp-content\/uploads\/2024\/05\/Akha-tripe-450x338.jpeg 450w\" sizes=\"(max-width: 2048px) 100vw, 2048px\" \/><\/p>\n<p><strong>Zusammen sind sie die Kinder und Jugendlichen der School for Life.<\/strong><\/p>\n<div align=\"justify\">\n<p><a href=\"http:\/\/school-for-life.org\/childrens-stories\/\">Zu den Kindergeschichten&#8230;<\/a><\/p>\n<\/div>\n","protected":false},"excerpt":{"rendered":"<p>Viele Kinder, viele Geschichten, viele Ethnien Die Kinder der School for Life stammen aus verschiedenen Regionen Nordthailands und geh\u00f6ren verschiedenen Ethnien an. Diese Tatsache wird im p\u00e4dagogischen Konzept ber\u00fccksichtigt und spielt in jeder Woche eine Rolle. In ihren traditionellen Trachten leben die Kinder ihre kulturellen und sprachlichen Traditionen und erleben dieses von den anderen Sch\u00fclerinnen [&hellip;]<\/p>\n","protected":false},"author":2,"featured_media":0,"parent":436,"menu_order":2,"comment_status":"closed","ping_status":"closed","template":"","meta":[],"_links":{"self":[{"href":"https:\/\/school-for-life.org\/de\/wp-json\/wp\/v2\/pages\/439"}],"collection":[{"href":"https:\/\/school-for-life.org\/de\/wp-json\/wp\/v2\/pages"}],"about":[{"href":"https:\/\/school-for-life.org\/de\/wp-json\/wp\/v2\/types\/page"}],"author":[{"embeddable":true,"href":"https:\/\/school-for-life.org\/de\/wp-json\/wp\/v2\/users\/2"}],"replies":[{"embeddable":true,"href":"https:\/\/school-for-life.org\/de\/wp-json\/wp\/v2\/comments?post=439"}],"version-history":[{"count":23,"href":"https:\/\/school-for-life.org\/de\/wp-json\/wp\/v2\/pages\/439\/revisions"}],"predecessor-version":[{"id":4570,"href":"https:\/\/school-for-life.org\/de\/wp-json\/wp\/v2\/pages\/439\/revisions\/4570"}],"up":[{"embeddable":true,"href":"https:\/\/school-for-life.org\/de\/wp-json\/wp\/v2\/pages\/436"}],"wp:attachment":[{"href":"https:\/\/school-for-life.org\/de\/wp-json\/wp\/v2\/media?parent=439"}],"curies":[{"name":"wp","href":"https:\/\/api.w.org\/{rel}","templated":true}]}}