{"id":436,"date":"2018-02-26T13:29:57","date_gmt":"2018-02-26T12:29:57","guid":{"rendered":"http:\/\/school-for-life.org\/?page_id=436"},"modified":"2021-02-08T14:18:41","modified_gmt":"2021-02-08T13:18:41","slug":"anfaenge","status":"publish","type":"page","link":"https:\/\/school-for-life.org\/de\/projekt\/anfaenge\/","title":{"rendered":"Die Anf\u00e4nge"},"content":{"rendered":"<section class=\"av_textblock_section \"  itemscope=\"itemscope\" itemtype=\"https:\/\/schema.org\/CreativeWork\" ><div class='avia_textblock  '   itemprop=\"text\" ><h3 style=\"text-align: center;\">Die Anf\u00e4nge der School for Life Chiang Mai<\/h3>\n<h2><\/h2>\n<h2><\/h2>\n<h2><\/h2>\n<h2><\/h2>\n<p><img decoding=\"async\" loading=\"lazy\" class=\"alignnone wp-image-749\" src=\"http:\/\/school-for-life.org\/wp-content\/uploads\/2018\/06\/die-anfange_fertig-300x42.jpg\" alt=\"\" width=\"1007\" height=\"141\" srcset=\"https:\/\/school-for-life.org\/wp-content\/uploads\/2018\/06\/die-anfange_fertig-300x42.jpg 300w, https:\/\/school-for-life.org\/wp-content\/uploads\/2018\/06\/die-anfange_fertig-768x109.jpg 768w, https:\/\/school-for-life.org\/wp-content\/uploads\/2018\/06\/die-anfange_fertig-705x100.jpg 705w, https:\/\/school-for-life.org\/wp-content\/uploads\/2018\/06\/die-anfange_fertig-450x64.jpg 450w, https:\/\/school-for-life.org\/wp-content\/uploads\/2018\/06\/die-anfange_fertig.jpg 940w\" sizes=\"(max-width: 1007px) 100vw, 1007px\" \/><\/p>\n<h2><\/h2>\n<p>Die Idee zur Gr\u00fcndung der School for Life in Chiang Mai stammt von Khun Thaneen \u201eJoy\u201c Worrawittayakun und Prof. Dr. J\u00fcrgen Zimmer.<\/p>\n<p>Der Projektplanung in Chiang Mai lag eine 2001 landesweit unter Leitung von Prof. Dr. Apichai Puntasen (bis Ende 2008 Dekan der Fakult\u00e4t f\u00fcr Management Science an der Ubon Ratchathanee University) und Prof. Zimmer durchgef\u00fchrte Studie \u201eThe Development of Entrepreneurial Schools in Thailand\u201c zugrunde, deren Ergebnisse vom Ministry for Education publiziert und zur Implementation empfohlen wurden.<\/p>\n<p>Der Gr\u00fcndung der School for Life ging eine zweij\u00e4hrige Pilotphase voraus mit Recherchen im Einzugsbereich und Gespr\u00e4chen mit Vertretern von Gemeinden, ethnischen Gruppen, Nicht-Regierungsorganisationen, mit Schul- und Sozialbeh\u00f6rden.<\/p>\n<p>Durch die Beteiligung an Community Development w\u00e4hrend der Pilotphase entstand ein Vertrauensverh\u00e4ltnis zwischen den Projektplanern und der Bev\u00f6lkerung umliegender Gemeinden. Zu einer besonders engen Zusammenarbeit kam es mit dem Dorf Pongkum, dessen B\u00fcrgermeister und Schulleiter die ersten Aids-Waisen schickten. Als sich die Vertrauensw\u00fcrdigkeit der School for Life herumsprach, erweiterte sich das Einzugsgebiet, aus dem die Kinder gebracht wurden, erheblich. Es reicht jetzt bis an die Grenze zu Myanmar. Viele Kinder fanden von selbst den Weg zur School for Life.<\/p>\n<p>Die School for Life wurde 2003 als \u201aHome School\u2018 gegr\u00fcndet. Seit Mai 2006 ist sie als \u201aPrivate Social Welfare School\u2018 staatlich anerkannt. Zu ihr geh\u00f6ren ein Kindergarten, eine Primary School (1-6) und eine Junior High School (7-9). Eine Senior High School soll er\u00f6ffnet werden, wenn die Mittel daf\u00fcr verf\u00fcgbar sind.<\/p>\n<p>Die School for Life schafft Arbeitspl\u00e4tze f\u00fcr Menschen aus dem Umfeld, bei Farm- und Bauarbeiten sowie bei der Kinderbetreuung. Im Rahmen von Community Education werden die Erwachsenen in Projekte einbezogen, bei denen es um lokale Schl\u00fcsselprobleme wie Recycling oder organische Landwirtschaft geht. Im Oktober 2005 hat die thail\u00e4ndische Kronprinzessin HRH Maha Chakri Sirindhorn die School for Life besucht. Seither haben sich die auch zuvor schon positiven Beziehungen zum Erziehungsministerium und zur Provinzregierung intensiviert.<\/p>\n<h2><\/h2>\n<p><img decoding=\"async\" loading=\"lazy\" class=\"alignnone wp-image-750\" src=\"http:\/\/school-for-life.org\/wp-content\/uploads\/2018\/06\/die-anfange_prinzessin-300x65.jpg\" alt=\"\" width=\"1011\" height=\"219\" srcset=\"https:\/\/school-for-life.org\/wp-content\/uploads\/2018\/06\/die-anfange_prinzessin-300x65.jpg 300w, https:\/\/school-for-life.org\/wp-content\/uploads\/2018\/06\/die-anfange_prinzessin-768x167.jpg 768w, https:\/\/school-for-life.org\/wp-content\/uploads\/2018\/06\/die-anfange_prinzessin-705x153.jpg 705w, https:\/\/school-for-life.org\/wp-content\/uploads\/2018\/06\/die-anfange_prinzessin-450x98.jpg 450w, https:\/\/school-for-life.org\/wp-content\/uploads\/2018\/06\/die-anfange_prinzessin.jpg 940w\" sizes=\"(max-width: 1011px) 100vw, 1011px\" \/><\/p>\n<\/div><\/section>\n","protected":false},"excerpt":{"rendered":"","protected":false},"author":2,"featured_media":0,"parent":285,"menu_order":1,"comment_status":"closed","ping_status":"closed","template":"","meta":[],"_links":{"self":[{"href":"https:\/\/school-for-life.org\/de\/wp-json\/wp\/v2\/pages\/436"}],"collection":[{"href":"https:\/\/school-for-life.org\/de\/wp-json\/wp\/v2\/pages"}],"about":[{"href":"https:\/\/school-for-life.org\/de\/wp-json\/wp\/v2\/types\/page"}],"author":[{"embeddable":true,"href":"https:\/\/school-for-life.org\/de\/wp-json\/wp\/v2\/users\/2"}],"replies":[{"embeddable":true,"href":"https:\/\/school-for-life.org\/de\/wp-json\/wp\/v2\/comments?post=436"}],"version-history":[{"count":11,"href":"https:\/\/school-for-life.org\/de\/wp-json\/wp\/v2\/pages\/436\/revisions"}],"predecessor-version":[{"id":3177,"href":"https:\/\/school-for-life.org\/de\/wp-json\/wp\/v2\/pages\/436\/revisions\/3177"}],"up":[{"embeddable":true,"href":"https:\/\/school-for-life.org\/de\/wp-json\/wp\/v2\/pages\/285"}],"wp:attachment":[{"href":"https:\/\/school-for-life.org\/de\/wp-json\/wp\/v2\/media?parent=436"}],"curies":[{"name":"wp","href":"https:\/\/api.w.org\/{rel}","templated":true}]}}