{"id":3056,"date":"2021-01-16T14:38:13","date_gmt":"2021-01-16T13:38:13","guid":{"rendered":"http:\/\/school-for-life.org\/?page_id=3056"},"modified":"2026-02-05T08:39:05","modified_gmt":"2026-02-05T07:39:05","slug":"school-for-life-germany","status":"publish","type":"page","link":"https:\/\/school-for-life.org\/de\/school-for-life-germany\/","title":{"rendered":"School for Life Germany"},"content":{"rendered":"<section class=\"av_textblock_section \"  itemscope=\"itemscope\" itemtype=\"https:\/\/schema.org\/CreativeWork\" ><div class='avia_textblock  '   itemprop=\"text\" ><h3><\/h3>\n<h3><\/h3>\n<h3><img decoding=\"async\" src=\"http:\/\/school-for-life.org\/wp-content\/uploads\/2017\/12\/slider_01.jpg\" alt=\"Dieses Bild hat ein leeres Alt-Attribut. Der Dateiname ist slider_01.jpg\" \/><\/h3>\n<h3><\/h3>\n<h3><strong><em>Office School for Life Germany<\/em><\/strong><\/h3>\n<p>Am 04.07.2020 wurde in Potsdam der Verein <strong><em>School for Life Germany e.V. (SfL DE e.V.)<\/em><\/strong> gegr\u00fcndet. Als Vorstand wurden gew\u00e4hlt:<\/p>\n<p>Vorsitzender\u00a0\u00a0\u00a0\u00a0\u00a0\u00a0\u00a0\u00a0\u00a0\u00a0\u00a0\u00a0\u00a0\u00a0\u00a0\u00a0\u00a0\u00a0\u00a0\u00a0\u00a0\u00a0\u00a0 Christian Luther, Berlin;<\/p>\n<p>Stellvertr. Vorsitzender\u00a0\u00a0\u00a0\u00a0\u00a0\u00a0\u00a0 Dr. Gerd Harms, Potsdam;<\/p>\n<p>Schatzmeisterin \u00a0 \u00a0 \u00a0 \u00a0 \u00a0 \u00a0 \u00a0 \u00a0\u00a0\u00a0 Thuy Tran, Berlin.<\/p>\n<p>Der Verein ist beim Amtsgericht Potsdam eingetragen und vom Finanzamt Potsdam als gemeinn\u00fctzig anerkannt.<\/p>\n<p>Der Vereinsvorstand hat eine Gesch\u00e4ftsstelle\u00a0 <strong><em>Office School for Life\u00a0 Germany<\/em><\/strong> eingerichtet, das von 2021-2024 alle laufende Gesch\u00e4fte f\u00fcr den Vorstand und mit der School for Life Chiang Mai (Thailand) durchf\u00fchrt.<\/p>\n<p>Die Stiftung hat die Unterst\u00fctzung mit der School for Life 2024 beendet.<\/p>\n<p><strong>Financial Reports<\/strong><\/p>\n<p><a href=\"http:\/\/school-for-life.org\/wp-content\/uploads\/2021\/01\/SfL-Financial-Report-2020.pdf\">SfL Financial Report 2020<\/a><\/p>\n<\/div><\/section>\n<div  class='hr hr-default   avia-builder-el-1  el_after_av_textblock  el_before_av_iconlist '><span class='hr-inner ' ><span class='hr-inner-style'><\/span><\/span><\/div>\n<div class='avia-icon-list-container   avia-builder-el-2  el_after_av_hr  avia-builder-el-last '><ul class='avia-icon-list avia-icon-list-left av-iconlist-big avia_animate_when_almost_visible avia-iconlist-animate'>\n<li><div  class='iconlist_icon  avia-font-entypo-fontello'><span class='iconlist-char ' aria-hidden='true' data-av_icon='\ue81f' data-av_iconfont='entypo-fontello'><\/span><\/div><article class=\"article-icon-entry \"  itemscope=\"itemscope\" itemtype=\"https:\/\/schema.org\/CreativeWork\" ><div class='iconlist_content_wrap'><header class=\"entry-content-header\"><\/header><div class='iconlist_content  '  itemprop=\"text\"  ><p>Spenden k\u00f6nnen nur direkt an das thail\u00e4ndische Konto \u00fcberwiesen werden. Bitte kontaktieren sie dazu Mr. Jo.<\/p>\n<p>Diese Webseite wird seit 2024 nicht mehr aktualisiert.<\/p>\n<\/div><\/div><footer class=\"entry-footer\"><\/footer><\/article><div class='iconlist-timeline'><\/div><\/li>\n<\/ul><\/div>\n","protected":false},"excerpt":{"rendered":"","protected":false},"author":6,"featured_media":0,"parent":0,"menu_order":0,"comment_status":"closed","ping_status":"closed","template":"","meta":[],"_links":{"self":[{"href":"https:\/\/school-for-life.org\/de\/wp-json\/wp\/v2\/pages\/3056"}],"collection":[{"href":"https:\/\/school-for-life.org\/de\/wp-json\/wp\/v2\/pages"}],"about":[{"href":"https:\/\/school-for-life.org\/de\/wp-json\/wp\/v2\/types\/page"}],"author":[{"embeddable":true,"href":"https:\/\/school-for-life.org\/de\/wp-json\/wp\/v2\/users\/6"}],"replies":[{"embeddable":true,"href":"https:\/\/school-for-life.org\/de\/wp-json\/wp\/v2\/comments?post=3056"}],"version-history":[{"count":18,"href":"https:\/\/school-for-life.org\/de\/wp-json\/wp\/v2\/pages\/3056\/revisions"}],"predecessor-version":[{"id":4654,"href":"https:\/\/school-for-life.org\/de\/wp-json\/wp\/v2\/pages\/3056\/revisions\/4654"}],"wp:attachment":[{"href":"https:\/\/school-for-life.org\/de\/wp-json\/wp\/v2\/media?parent=3056"}],"curies":[{"name":"wp","href":"https:\/\/api.w.org\/{rel}","templated":true}]}}