{"id":288,"date":"2018-01-08T13:50:45","date_gmt":"2018-01-08T12:50:45","guid":{"rendered":"http:\/\/school-for-life.org\/?page_id=288"},"modified":"2021-02-08T14:45:03","modified_gmt":"2021-02-08T13:45:03","slug":"situation-nord-thailand","status":"publish","type":"page","link":"https:\/\/school-for-life.org\/de\/projekt\/anfaenge\/situation-nord-thailand\/","title":{"rendered":"Die Situation im Norden Thailands"},"content":{"rendered":"<section id=\"intro\" class=\"grid_12\">\n<h3 class=\"left\" style=\"text-align: center;\">Die Situation im Norden Thailands<\/h3>\n<\/section>\n<section id=\"content\" class=\"grid_12 clearfix\">\n<div class=\"alpha grid_12 alignnone\">\n<div align=\"justify\">\n<h2><\/h2>\n<p style=\"text-align: left;\">Das Gebiet zwischen Chiang Mai und der Grenze zu Myanmar (Burma) wird neben Thais von unterschiedlichen Ethnien bewohnt \u2013 Akha, Lisu, Lahu, Hmong, Karen, burmesischen Fl\u00fcchtlingen -, die unterschiedliche Sprachen sprechen, vielfach \u00fcber keine Staatsb\u00fcrgerschaft verf\u00fcgen und oft sehr verarmt sind. Nur ein Teil ihrer Kinder besucht eine Schule (In Thailand wird die Zahl der Kinder ohne Schulbesuch auf etwa ein Million gesch\u00e4tzt).Aids ist wie die Pest durch die D\u00f6rfer gezogen und hat viele Waisen hinterlassen. Andere Kinder sind von fl\u00fcchtenden Angeh\u00f6rigen aufgegeben worden. Kinderarbeit ist weit verbreitet, desgleichen Kinderhandel. Das Gebiet war einer der Hauptschaupl\u00e4tze des \u201aDrogenkrieges\u2018 der Regierung Thaksin, bei dem etwa 2500\u00a0Menschen get\u00f6tet wurden. Zu den Schl\u00fcsselproblemen der Region z\u00e4hlen:<\/p>\n<ol class=\"ordered\">\n<li style=\"list-style-type: none;\">\n<ul>\n<li>zum Teil extreme Armut, insbesondere der Bergst\u00e4mme,<\/li>\n<li>ein ausgedehnter informeller \u00f6konomischer Sektor mit Arbeitslosigkeit bzw. Unterbesch\u00e4ftigung,<\/li>\n<li>Drogenhandel von Myanmar her,<\/li>\n<li>Vernichtung von Waldbest\u00e4nden durch Brandrodung,<\/li>\n<li>Korruption,<\/li>\n<li>Prostitution,<\/li>\n<li>Aids,<\/li>\n<li>mangelnder Zugang der Armen zur Gesundheitsversorgung.<\/li>\n<\/ul>\n<\/li>\n<\/ol>\n<p style=\"text-align: left;\">In der Folge dieser Problemkonstellationen gibt es zahlreiche Kinder, oft ohne Angeh\u00f6rige, die durch Kinderarbeit, auf M\u00fcllkippen, durch Betteln, Stehlen oder Prostitution zu \u00fcberleben versuchen.<\/p>\n<p style=\"text-align: left;\">Die folgende Bildsequenz der Fotografin\u00a0<a href=\"http:\/\/www.annasimonewallinger.de\/index.php?\/projects\/infancy-2011\/\" target=\"_blank\" rel=\"noopener\">Anna Simone Wallinger<\/a> zeigt exemplarisch die Lebensrealit\u00e4t von Kindern, die am Grenz\u00fcbergang Thailand\/Burma Strategien entwickeln, nicht dem Schn\u00fcffeln von Klebstoff , modernem Menschenhandel und der Rekrutierung als Kindersoldat zu erliegen. Sie \u00fcberqueren mehrmals am Tag den m\u00fcllverschmutzten Fluss unterhalb der Br\u00fccke, die den offiziellen Grenz\u00fcbergang darstellt: dies, um vor der Grenzpolizei\/dem Milit\u00e4r zu fl\u00fcchten, Drogen zu schmuggeln, Touristengruppen zum Betteln auf beiden L\u00e4nderseiten abzupassen.<\/p>\n<p><img decoding=\"async\" loading=\"lazy\" class=\" wp-image-745 aligncenter\" src=\"http:\/\/school-for-life.org\/wp-content\/uploads\/2018\/06\/situation_norden_neuneu-300x225.jpg\" alt=\"\" width=\"1016\" height=\"762\" srcset=\"https:\/\/school-for-life.org\/wp-content\/uploads\/2018\/06\/situation_norden_neuneu-300x225.jpg 300w, https:\/\/school-for-life.org\/wp-content\/uploads\/2018\/06\/situation_norden_neuneu-768x575.jpg 768w, https:\/\/school-for-life.org\/wp-content\/uploads\/2018\/06\/situation_norden_neuneu-705x528.jpg 705w, https:\/\/school-for-life.org\/wp-content\/uploads\/2018\/06\/situation_norden_neuneu-450x337.jpg 450w, https:\/\/school-for-life.org\/wp-content\/uploads\/2018\/06\/situation_norden_neuneu.jpg 940w\" sizes=\"(max-width: 1016px) 100vw, 1016px\" \/><\/p>\n<\/div>\n<p style=\"text-align: left;\">Und noch ein Buch zum Thema: Lena Zimmer hat mit den\u00a0<a title=\"Shop\" href=\"https:\/\/www.amazon.de\/Br%C3%BCckenkinder-Lebensentw%C3%BCrfe-Jugendlichen-Grenzraum-zwischen\/dp\/3825816087\">Br\u00fcckenkindern<\/a>\u00a0gelebt und sie begleitet. Ihr Bericht und ihre Analyse r\u00fcckt die Lebensentw\u00fcrfe und Handlungsweisen der Kinder in den Mittelpunkt: eine ethnologische Studie aus einer der Krisenregionen S\u00fcdostasiens.<\/p>\n<\/div>\n<\/section>\n","protected":false},"excerpt":{"rendered":"<p>Die Situation im Norden Thailands Das Gebiet zwischen Chiang Mai und der Grenze zu Myanmar (Burma) wird neben Thais von unterschiedlichen Ethnien bewohnt \u2013 Akha, Lisu, Lahu, Hmong, Karen, burmesischen Fl\u00fcchtlingen -, die unterschiedliche Sprachen sprechen, vielfach \u00fcber keine Staatsb\u00fcrgerschaft verf\u00fcgen und oft sehr verarmt sind. Nur ein Teil ihrer Kinder besucht eine Schule (In [&hellip;]<\/p>\n","protected":false},"author":2,"featured_media":0,"parent":436,"menu_order":1,"comment_status":"closed","ping_status":"closed","template":"","meta":[],"_links":{"self":[{"href":"https:\/\/school-for-life.org\/de\/wp-json\/wp\/v2\/pages\/288"}],"collection":[{"href":"https:\/\/school-for-life.org\/de\/wp-json\/wp\/v2\/pages"}],"about":[{"href":"https:\/\/school-for-life.org\/de\/wp-json\/wp\/v2\/types\/page"}],"author":[{"embeddable":true,"href":"https:\/\/school-for-life.org\/de\/wp-json\/wp\/v2\/users\/2"}],"replies":[{"embeddable":true,"href":"https:\/\/school-for-life.org\/de\/wp-json\/wp\/v2\/comments?post=288"}],"version-history":[{"count":10,"href":"https:\/\/school-for-life.org\/de\/wp-json\/wp\/v2\/pages\/288\/revisions"}],"predecessor-version":[{"id":3182,"href":"https:\/\/school-for-life.org\/de\/wp-json\/wp\/v2\/pages\/288\/revisions\/3182"}],"up":[{"embeddable":true,"href":"https:\/\/school-for-life.org\/de\/wp-json\/wp\/v2\/pages\/436"}],"wp:attachment":[{"href":"https:\/\/school-for-life.org\/de\/wp-json\/wp\/v2\/media?parent=288"}],"curies":[{"name":"wp","href":"https:\/\/api.w.org\/{rel}","templated":true}]}}