{"id":285,"date":"2018-01-08T13:49:05","date_gmt":"2018-01-08T12:49:05","guid":{"rendered":"http:\/\/school-for-life.org\/?page_id=285"},"modified":"2021-03-19T13:16:06","modified_gmt":"2021-03-19T12:16:06","slug":"projekt","status":"publish","type":"page","link":"https:\/\/school-for-life.org\/de\/projekt\/","title":{"rendered":"Das Projekt"},"content":{"rendered":"<h3 style=\"text-align: center;\">Das Projekt School for Life Chiang Mai<\/h3>\n<p><strong>\u00a0<\/strong><\/p>\n<p><strong><img decoding=\"async\" loading=\"lazy\" class=\"wp-image-760 alignleft\" src=\"http:\/\/school-for-life.org\/wp-content\/uploads\/2018\/06\/sfl-chiangmai_map-165x300.jpg\" alt=\"\" width=\"392\" height=\"712\" srcset=\"https:\/\/school-for-life.org\/wp-content\/uploads\/2018\/06\/sfl-chiangmai_map-165x300.jpg 165w, https:\/\/school-for-life.org\/wp-content\/uploads\/2018\/06\/sfl-chiangmai_map.jpg 250w\" sizes=\"(max-width: 392px) 100vw, 392px\" \/><\/strong>Die School for Life befindet sich auf der Farm Suan Suai Fha Sai (\u201elichter Himmel \u00fcber sch\u00f6nem Garten\u201c), eine dreiviertel Autostunde von Chiang Mai entfernt, in den Bergen des Doi Saket. Die Farm liegt vier Kilometer von dem Dorf Pongkum entfernt in einem Forst des thail\u00e4ndischen K\u00f6nigs und hat sich der \u00f6kologischen Landwirtschaft verschrieben. Sie ist von intakten W\u00e4ldern umgeben.<\/p>\n<p>Die knapp drei\u00dfig Geb\u00e4ude bilden ein lernintensives Dorf, ein \u201eopen learning village\u201c mit einem Farmhaus, Familienh\u00e4usern, Klassenr\u00e4umen, einer Kantine, einer Aula, Unterk\u00fcnften f\u00fcr das Team, G\u00e4stebungalows, Sportanlagen und Farmland. Die Geb\u00e4ude sind im lokalen Stil mit lokalen Materialien von Bauarbeitern unter Leitung des B\u00fcrgermeisters aus Pongkum errichtet worden. Das ist nun viele Jahre her, und insofern ist Instandhaltung unter tropischen Bedingungen ein Thema, bei dem es viel zu tun und zu lernen gibt.<\/p>\n<p>Es ist eine weitr\u00e4umige Anlage, die sich von einem H\u00fcgel talabw\u00e4rts bis zu einem kleinen Fluss erstreckt. Und das hei\u00dft: viel Platz f\u00fcr die Kinder!<\/p>\n<p><strong><img decoding=\"async\" loading=\"lazy\" class=\"wp-image-759 alignright\" src=\"http:\/\/school-for-life.org\/wp-content\/uploads\/2018\/06\/sfl-chiangmai-300x210.jpg\" alt=\"\" width=\"500\" height=\"350\" srcset=\"https:\/\/school-for-life.org\/wp-content\/uploads\/2018\/06\/sfl-chiangmai-300x210.jpg 300w, https:\/\/school-for-life.org\/wp-content\/uploads\/2018\/06\/sfl-chiangmai-450x314.jpg 450w, https:\/\/school-for-life.org\/wp-content\/uploads\/2018\/06\/sfl-chiangmai.jpg 650w\" sizes=\"(max-width: 500px) 100vw, 500px\" \/><\/strong><\/p>\n<p>\u00a0<\/p>\n<p>\u00a0<\/p>\n<p>\u00a0<\/p>\n<p>\u00a0<\/p>\n<p>\u00a0<\/p>\n<p>\u00a0<\/p>\n<p>\u00a0<\/p>\n<p>\u00a0<\/p>\n<p>\u00a0<\/p>\n<p>\u00a0<\/p>\n<p>\u00a0<\/p>\n<p>\u00a0<\/p>\n<p>\u00a0<\/p>\n<p>\u00a0<\/p>\n<p>\u00a0<\/p>\n\n\n<p><\/p>\n","protected":false},"excerpt":{"rendered":"<p>Das Projekt School for Life Chiang Mai \u00a0 Die School for Life befindet sich auf der Farm Suan Suai Fha Sai (\u201elichter Himmel \u00fcber sch\u00f6nem Garten\u201c), eine dreiviertel Autostunde von Chiang Mai entfernt, in den Bergen des Doi Saket. Die Farm liegt vier Kilometer von dem Dorf Pongkum entfernt in einem Forst des thail\u00e4ndischen K\u00f6nigs [&hellip;]<\/p>\n","protected":false},"author":2,"featured_media":0,"parent":0,"menu_order":1,"comment_status":"closed","ping_status":"closed","template":"","meta":[],"_links":{"self":[{"href":"https:\/\/school-for-life.org\/de\/wp-json\/wp\/v2\/pages\/285"}],"collection":[{"href":"https:\/\/school-for-life.org\/de\/wp-json\/wp\/v2\/pages"}],"about":[{"href":"https:\/\/school-for-life.org\/de\/wp-json\/wp\/v2\/types\/page"}],"author":[{"embeddable":true,"href":"https:\/\/school-for-life.org\/de\/wp-json\/wp\/v2\/users\/2"}],"replies":[{"embeddable":true,"href":"https:\/\/school-for-life.org\/de\/wp-json\/wp\/v2\/comments?post=285"}],"version-history":[{"count":27,"href":"https:\/\/school-for-life.org\/de\/wp-json\/wp\/v2\/pages\/285\/revisions"}],"predecessor-version":[{"id":4571,"href":"https:\/\/school-for-life.org\/de\/wp-json\/wp\/v2\/pages\/285\/revisions\/4571"}],"wp:attachment":[{"href":"https:\/\/school-for-life.org\/de\/wp-json\/wp\/v2\/media?parent=285"}],"curies":[{"name":"wp","href":"https:\/\/api.w.org\/{rel}","templated":true}]}}