{"id":2537,"date":"2019-08-26T10:38:49","date_gmt":"2019-08-26T08:38:49","guid":{"rendered":"http:\/\/school-for-life.org\/?page_id=2537"},"modified":"2019-11-21T18:26:17","modified_gmt":"2019-11-21T17:26:17","slug":"wir-trauern-um-professor-em-dr-juergen-zimmer","status":"publish","type":"page","link":"https:\/\/school-for-life.org\/de\/wir-trauern-um-professor-em-dr-juergen-zimmer\/","title":{"rendered":"Wir trauern um Professor em. Dr. J\u00fcrgen Zimmer"},"content":{"rendered":"\n<h4>Ein Film zur Erinnerung an Prof. Dr. J\u00fcrgen Zimmer (Papa)<\/h4>\n\n\n\n<p>Produziert von der School-For-Life<\/p>\n\n\n\n<figure class=\"wp-block-embed-youtube wp-block-embed is-type-video is-provider-youtube wp-embed-aspect-16-9 wp-has-aspect-ratio\"><div class=\"wp-block-embed__wrapper\">\n<div class='avia-iframe-wrap'><iframe loading=\"lazy\" title=\"Dear our beloved Papa Prof.em.Dr. Jurgen Zimmer | I want to know what love is\" width=\"1500\" height=\"844\" src=\"https:\/\/www.youtube.com\/embed\/F4rjMCDhWU4?feature=oembed\" frameborder=\"0\" allow=\"accelerometer; autoplay; encrypted-media; gyroscope; picture-in-picture\" allowfullscreen><\/iframe><\/div>\n<\/div><\/figure>\n\n\n\n<figure class=\"wp-block-image\"><img decoding=\"async\" loading=\"lazy\" width=\"1030\" height=\"686\" src=\"https:\/\/school-for-life.org\/wp-content\/uploads\/2019\/08\/J\u00fcrgen_Image-2019-08-21-1-1030x686.jpeg\" alt=\"\" class=\"wp-image-2540\" srcset=\"https:\/\/school-for-life.org\/wp-content\/uploads\/2019\/08\/J\u00fcrgen_Image-2019-08-21-1-1030x686.jpeg 1030w, https:\/\/school-for-life.org\/wp-content\/uploads\/2019\/08\/J\u00fcrgen_Image-2019-08-21-1-300x200.jpeg 300w, https:\/\/school-for-life.org\/wp-content\/uploads\/2019\/08\/J\u00fcrgen_Image-2019-08-21-1-768x512.jpeg 768w, https:\/\/school-for-life.org\/wp-content\/uploads\/2019\/08\/J\u00fcrgen_Image-2019-08-21-1-1500x999.jpeg 1500w, https:\/\/school-for-life.org\/wp-content\/uploads\/2019\/08\/J\u00fcrgen_Image-2019-08-21-1-705x470.jpeg 705w, https:\/\/school-for-life.org\/wp-content\/uploads\/2019\/08\/J\u00fcrgen_Image-2019-08-21-1-450x300.jpeg 450w, https:\/\/school-for-life.org\/wp-content\/uploads\/2019\/08\/J\u00fcrgen_Image-2019-08-21-1.jpeg 1600w\" sizes=\"(max-width: 1030px) 100vw, 1030px\" \/><\/figure>\n\n\n\n<h4>Der Vorstand und die Unterst\u00fctzer der Shaul B. und Hilde Robinsohn-Stiftung<\/h4>\n\n\n\n<p>J\u00fcrgen Zimmer ist tot. Diese unfassbare Nachricht\nhat uns am 21.08.2019 erreicht. Er wurde 81 Jahre alt und war bis zu seinem\npl\u00f6tzlichen Tod in Wissenschaft und P\u00e4dagogik aktiv.<\/p>\n\n\n\n<p>J\u00fcrgen Zimmer war ab 1965 Mitarbeiter des\nMax-Planck-Instituts f\u00fcr Bildungsforschung in Berlin, bei Professor Hellmut\nBecker und Professor Shaul B. Robinsohn. Als Leiter des Arbeitsbereichs\nVorschulerziehung am Deutschen Jugendinstitut in M\u00fcnchen entwickelten er und\nsein Team das p\u00e4dagogische Konzept des Situationsansatzes \u2013 wohl die\neinflussreichste p\u00e4dagogische Innovation im Bereich der\nKindertageseinrichtungen \u00fcberhaupt.<\/p>\n\n\n\n<p>J\u00fcrgen Zimmer war Professor in M\u00fcnster und Berlin und Gr\u00fcndungpr\u00e4sident der\nInternationalen Akademie f\u00fcr innovative P\u00e4dagogik, Psychologie und \u00d6konomie an\nder Freien Universit\u00e4t Berlin (INA gGmbH); 2006 &#8211; 2017 Pr\u00e4sident der INA mit 21\nInstituten bzw. Arbeitsbereichen. 2018 gr\u00fcndete er die Internationale Akademie\nf\u00fcr Sozialwissenschaften, Organisation und Management \u2013 World Citizen Campus \u2013\ngGmbH (CCW) und wurde deren Pr\u00e4sident.<\/p>\n\n\n\n<p>J\u00fcrgen Zimmer misstraute den formellen\nBildungsinstitutionen und ihren Einengungen, er forschte nach \u00d6ffnungen und\nBez\u00fcgen zur Realit\u00e4t des Lebens. Dieser Ansatz pr\u00e4gte auch sein internationales\nEngagement, von S\u00fcd- und Mittelamerika bis nach Thailand. Hier entstand die\nSchule \u201eSchool for Life\u201c, die er ma\u00dfgeblich beeinflusste. \u201eThe best for the\npoorest\u201c war sein Wahlspruch. Dabei verfolgte er die Idee, Menschen zu ermutigen\nund zu erm\u00e4chtigen, als Unternehmer und Gestalter ihres Lebens ihre Dinge\nselbst in die Hand zu nehmen. In vielen seiner Texte und Reden, vor allem aber\nauch in seinem praktischen Handeln findet sich dieser Leitgedanke.<\/p>\n\n\n\n<p>J\u00fcrgen Zimmer starb in Chiang Mai, der Stadt, die\n\u201eseiner\u201c School for Life den Namen gab. Er hatte noch viele Pl\u00e4ne. Der Tod von\nJ\u00fcrgen Zimmer rei\u00dft eine gro\u00dfe L\u00fccke \u2013 wir werden ihn schmerzlich vermissen.\nViele Menschen arbeiten nach seinen Ideen: diese werden fortleben.<\/p>\n\n\n\n<p>Der Vorstand und die Mitstreiter der\nRobinsohn-Stiftung&nbsp;&nbsp;&nbsp;&nbsp;&nbsp;&nbsp;&nbsp;&nbsp;&nbsp;&nbsp;&nbsp;&nbsp;&nbsp;&nbsp;&nbsp;&nbsp;&nbsp;&nbsp;&nbsp;&nbsp;&nbsp;&nbsp;&nbsp;&nbsp;&nbsp;&nbsp;&nbsp;&nbsp;&nbsp;&nbsp;&nbsp;&nbsp;&nbsp;&nbsp;&nbsp;&nbsp;&nbsp;&nbsp;&nbsp;&nbsp;&nbsp;<\/p>\n\n\n\n<p>Dr. Gerd Harms<\/p>\n\n\n\n<p>Dr. Wolfgang Schirp<\/p>\n\n\n\n<p>Ute Gallmeister<\/p>\n\n\n\n<p>Ulrich Griesdorn<\/p>\n\n\n\n<p>Dr. Hartwig Henke<\/p>\n\n\n\n<p>Ralf Johnen<\/p>\n\n\n\n<p>Petra Johnen<\/p>\n\n\n\n<p>Christian Luther<\/p>\n\n\n\n<p>Thuy Tran Hong<\/p>\n\n\n\n<p>Peter Wolters<\/p>\n\n\n\n<figure class=\"wp-block-image\"><img decoding=\"async\" loading=\"lazy\" width=\"940\" height=\"420\" src=\"https:\/\/school-for-life.org\/wp-content\/uploads\/2019\/08\/Juergen.jpg\" alt=\"\" class=\"wp-image-2546\" srcset=\"https:\/\/school-for-life.org\/wp-content\/uploads\/2019\/08\/Juergen.jpg 940w, https:\/\/school-for-life.org\/wp-content\/uploads\/2019\/08\/Juergen-300x134.jpg 300w, https:\/\/school-for-life.org\/wp-content\/uploads\/2019\/08\/Juergen-768x343.jpg 768w, https:\/\/school-for-life.org\/wp-content\/uploads\/2019\/08\/Juergen-705x315.jpg 705w, https:\/\/school-for-life.org\/wp-content\/uploads\/2019\/08\/Juergen-450x201.jpg 450w\" sizes=\"(max-width: 940px) 100vw, 940px\" \/><\/figure>\n\n\n\n<h4 style=\"text-align:center\">Bilder der Beisetzung von J\u00fcrgen Zimmer<\/h4>\n\n\n\n<p style=\"text-align:center\">School for Life 28.08.2019<\/p>\n\n\n\n<div class=\"wp-block-image\"><figure class=\"aligncenter is-resized\"><img decoding=\"async\" loading=\"lazy\" src=\"https:\/\/school-for-life.org\/wp-content\/uploads\/2019\/09\/02_PHOTO-2019-08-26-16-46-11.jpg\" alt=\"\" class=\"wp-image-2579\" width=\"783\" height=\"587\" srcset=\"https:\/\/school-for-life.org\/wp-content\/uploads\/2019\/09\/02_PHOTO-2019-08-26-16-46-11.jpg 1024w, https:\/\/school-for-life.org\/wp-content\/uploads\/2019\/09\/02_PHOTO-2019-08-26-16-46-11-300x225.jpg 300w, https:\/\/school-for-life.org\/wp-content\/uploads\/2019\/09\/02_PHOTO-2019-08-26-16-46-11-768x576.jpg 768w, https:\/\/school-for-life.org\/wp-content\/uploads\/2019\/09\/02_PHOTO-2019-08-26-16-46-11-705x529.jpg 705w, https:\/\/school-for-life.org\/wp-content\/uploads\/2019\/09\/02_PHOTO-2019-08-26-16-46-11-450x338.jpg 450w\" sizes=\"(max-width: 783px) 100vw, 783px\" \/><\/figure><\/div>\n\n\n\n<div class=\"wp-block-image\"><figure class=\"aligncenter is-resized\"><img decoding=\"async\" loading=\"lazy\" src=\"https:\/\/school-for-life.org\/wp-content\/uploads\/2019\/09\/03_PHOTO-2019-08-27-17-09-59.jpg\" alt=\"\" class=\"wp-image-2581\" width=\"783\" height=\"587\" srcset=\"https:\/\/school-for-life.org\/wp-content\/uploads\/2019\/09\/03_PHOTO-2019-08-27-17-09-59.jpg 1024w, https:\/\/school-for-life.org\/wp-content\/uploads\/2019\/09\/03_PHOTO-2019-08-27-17-09-59-300x225.jpg 300w, https:\/\/school-for-life.org\/wp-content\/uploads\/2019\/09\/03_PHOTO-2019-08-27-17-09-59-768x576.jpg 768w, https:\/\/school-for-life.org\/wp-content\/uploads\/2019\/09\/03_PHOTO-2019-08-27-17-09-59-705x529.jpg 705w, https:\/\/school-for-life.org\/wp-content\/uploads\/2019\/09\/03_PHOTO-2019-08-27-17-09-59-450x338.jpg 450w\" sizes=\"(max-width: 783px) 100vw, 783px\" \/><\/figure><\/div>\n\n\n\n<div class=\"wp-block-image\"><figure class=\"aligncenter is-resized\"><img decoding=\"async\" loading=\"lazy\" src=\"https:\/\/school-for-life.org\/wp-content\/uploads\/2019\/09\/04_PHOTO-2019-08-28-07-15-08.jpg\" alt=\"\" class=\"wp-image-2583\" width=\"783\" height=\"587\" srcset=\"https:\/\/school-for-life.org\/wp-content\/uploads\/2019\/09\/04_PHOTO-2019-08-28-07-15-08.jpg 1024w, https:\/\/school-for-life.org\/wp-content\/uploads\/2019\/09\/04_PHOTO-2019-08-28-07-15-08-300x225.jpg 300w, https:\/\/school-for-life.org\/wp-content\/uploads\/2019\/09\/04_PHOTO-2019-08-28-07-15-08-768x576.jpg 768w, https:\/\/school-for-life.org\/wp-content\/uploads\/2019\/09\/04_PHOTO-2019-08-28-07-15-08-705x529.jpg 705w, https:\/\/school-for-life.org\/wp-content\/uploads\/2019\/09\/04_PHOTO-2019-08-28-07-15-08-450x338.jpg 450w\" sizes=\"(max-width: 783px) 100vw, 783px\" \/><\/figure><\/div>\n\n\n\n<div class=\"wp-block-image\"><figure class=\"aligncenter is-resized\"><img decoding=\"async\" loading=\"lazy\" src=\"https:\/\/school-for-life.org\/wp-content\/uploads\/2019\/09\/08_image001-1030x773.jpg\" alt=\"\" class=\"wp-image-2585\" width=\"785\" height=\"588\" srcset=\"https:\/\/school-for-life.org\/wp-content\/uploads\/2019\/09\/08_image001-1030x773.jpg 1030w, https:\/\/school-for-life.org\/wp-content\/uploads\/2019\/09\/08_image001-300x225.jpg 300w, https:\/\/school-for-life.org\/wp-content\/uploads\/2019\/09\/08_image001-768x576.jpg 768w, https:\/\/school-for-life.org\/wp-content\/uploads\/2019\/09\/08_image001-705x529.jpg 705w, https:\/\/school-for-life.org\/wp-content\/uploads\/2019\/09\/08_image001-450x338.jpg 450w, https:\/\/school-for-life.org\/wp-content\/uploads\/2019\/09\/08_image001.jpg 1218w\" sizes=\"(max-width: 785px) 100vw, 785px\" \/><\/figure><\/div>\n\n\n\n<div class=\"wp-block-image\"><figure class=\"aligncenter is-resized\"><img decoding=\"async\" loading=\"lazy\" src=\"https:\/\/school-for-life.org\/wp-content\/uploads\/2019\/09\/07_PHOTO-2019-08-28-14-59-33-773x1030.jpg\" alt=\"\" class=\"wp-image-2587\" width=\"786\" height=\"1047\" srcset=\"https:\/\/school-for-life.org\/wp-content\/uploads\/2019\/09\/07_PHOTO-2019-08-28-14-59-33-773x1030.jpg 773w, https:\/\/school-for-life.org\/wp-content\/uploads\/2019\/09\/07_PHOTO-2019-08-28-14-59-33-225x300.jpg 225w, https:\/\/school-for-life.org\/wp-content\/uploads\/2019\/09\/07_PHOTO-2019-08-28-14-59-33-768x1024.jpg 768w, https:\/\/school-for-life.org\/wp-content\/uploads\/2019\/09\/07_PHOTO-2019-08-28-14-59-33-1125x1500.jpg 1125w, https:\/\/school-for-life.org\/wp-content\/uploads\/2019\/09\/07_PHOTO-2019-08-28-14-59-33-529x705.jpg 529w, https:\/\/school-for-life.org\/wp-content\/uploads\/2019\/09\/07_PHOTO-2019-08-28-14-59-33-450x600.jpg 450w, https:\/\/school-for-life.org\/wp-content\/uploads\/2019\/09\/07_PHOTO-2019-08-28-14-59-33.jpg 1200w\" sizes=\"(max-width: 786px) 100vw, 786px\" \/><\/figure><\/div>\n\n\n\n<div class=\"wp-block-image\"><figure class=\"aligncenter is-resized\"><img decoding=\"async\" loading=\"lazy\" src=\"https:\/\/school-for-life.org\/wp-content\/uploads\/2019\/09\/06_PHOTO-2019-08-28-14-56-54.jpg\" alt=\"\" class=\"wp-image-2589\" width=\"785\" height=\"588\" srcset=\"https:\/\/school-for-life.org\/wp-content\/uploads\/2019\/09\/06_PHOTO-2019-08-28-14-56-54.jpg 1024w, https:\/\/school-for-life.org\/wp-content\/uploads\/2019\/09\/06_PHOTO-2019-08-28-14-56-54-300x225.jpg 300w, https:\/\/school-for-life.org\/wp-content\/uploads\/2019\/09\/06_PHOTO-2019-08-28-14-56-54-768x576.jpg 768w, https:\/\/school-for-life.org\/wp-content\/uploads\/2019\/09\/06_PHOTO-2019-08-28-14-56-54-705x529.jpg 705w, https:\/\/school-for-life.org\/wp-content\/uploads\/2019\/09\/06_PHOTO-2019-08-28-14-56-54-450x338.jpg 450w\" sizes=\"(max-width: 785px) 100vw, 785px\" \/><\/figure><\/div>\n\n\n\n<div class=\"wp-block-image\"><figure class=\"aligncenter is-resized\"><img decoding=\"async\" loading=\"lazy\" src=\"https:\/\/school-for-life.org\/wp-content\/uploads\/2019\/09\/05_PHOTO-2019-08-28-13-29-04.jpg\" alt=\"\" class=\"wp-image-2591\" width=\"784\" height=\"1045\" srcset=\"https:\/\/school-for-life.org\/wp-content\/uploads\/2019\/09\/05_PHOTO-2019-08-28-13-29-04.jpg 768w, https:\/\/school-for-life.org\/wp-content\/uploads\/2019\/09\/05_PHOTO-2019-08-28-13-29-04-225x300.jpg 225w, https:\/\/school-for-life.org\/wp-content\/uploads\/2019\/09\/05_PHOTO-2019-08-28-13-29-04-529x705.jpg 529w, https:\/\/school-for-life.org\/wp-content\/uploads\/2019\/09\/05_PHOTO-2019-08-28-13-29-04-450x600.jpg 450w\" sizes=\"(max-width: 784px) 100vw, 784px\" \/><\/figure><\/div>\n\n\n\n<div class=\"wp-block-image\"><figure class=\"aligncenter is-resized\"><img decoding=\"async\" loading=\"lazy\" src=\"https:\/\/school-for-life.org\/wp-content\/uploads\/2019\/09\/04_IMG_20190828_124701-773x1030.jpg\" alt=\"\" class=\"wp-image-2563\" width=\"785\" height=\"1046\" srcset=\"https:\/\/school-for-life.org\/wp-content\/uploads\/2019\/09\/04_IMG_20190828_124701-773x1030.jpg 773w, https:\/\/school-for-life.org\/wp-content\/uploads\/2019\/09\/04_IMG_20190828_124701-225x300.jpg 225w, https:\/\/school-for-life.org\/wp-content\/uploads\/2019\/09\/04_IMG_20190828_124701-768x1024.jpg 768w, https:\/\/school-for-life.org\/wp-content\/uploads\/2019\/09\/04_IMG_20190828_124701-1125x1500.jpg 1125w, https:\/\/school-for-life.org\/wp-content\/uploads\/2019\/09\/04_IMG_20190828_124701-529x705.jpg 529w, https:\/\/school-for-life.org\/wp-content\/uploads\/2019\/09\/04_IMG_20190828_124701-450x600.jpg 450w\" sizes=\"(max-width: 785px) 100vw, 785px\" \/><figcaption><strong>Das Grab auf dem Gel\u00e4nde der School for Life<\/strong><\/figcaption><\/figure><\/div>\n\n\n\n<p><\/p>\n","protected":false},"excerpt":{"rendered":"<p>Ein Film zur Erinnerung an Prof. Dr. J\u00fcrgen Zimmer (Papa) Produziert von der School-For-Life Der Vorstand und die Unterst\u00fctzer der Shaul B. und Hilde Robinsohn-Stiftung J\u00fcrgen Zimmer ist tot. Diese unfassbare Nachricht hat uns am 21.08.2019 erreicht. Er wurde 81 Jahre alt und war bis zu seinem pl\u00f6tzlichen Tod in Wissenschaft und P\u00e4dagogik aktiv. J\u00fcrgen [&hellip;]<\/p>\n","protected":false},"author":6,"featured_media":0,"parent":0,"menu_order":0,"comment_status":"closed","ping_status":"closed","template":"","meta":[],"_links":{"self":[{"href":"https:\/\/school-for-life.org\/de\/wp-json\/wp\/v2\/pages\/2537"}],"collection":[{"href":"https:\/\/school-for-life.org\/de\/wp-json\/wp\/v2\/pages"}],"about":[{"href":"https:\/\/school-for-life.org\/de\/wp-json\/wp\/v2\/types\/page"}],"author":[{"embeddable":true,"href":"https:\/\/school-for-life.org\/de\/wp-json\/wp\/v2\/users\/6"}],"replies":[{"embeddable":true,"href":"https:\/\/school-for-life.org\/de\/wp-json\/wp\/v2\/comments?post=2537"}],"version-history":[{"count":11,"href":"https:\/\/school-for-life.org\/de\/wp-json\/wp\/v2\/pages\/2537\/revisions"}],"predecessor-version":[{"id":2680,"href":"https:\/\/school-for-life.org\/de\/wp-json\/wp\/v2\/pages\/2537\/revisions\/2680"}],"wp:attachment":[{"href":"https:\/\/school-for-life.org\/de\/wp-json\/wp\/v2\/media?parent=2537"}],"curies":[{"name":"wp","href":"https:\/\/api.w.org\/{rel}","templated":true}]}}