{"id":196,"date":"2017-12-22T00:56:29","date_gmt":"2017-12-21T23:56:29","guid":{"rendered":"http:\/\/www.school-for-life.org\/?page_id=196"},"modified":"2021-03-19T13:23:47","modified_gmt":"2021-03-19T12:23:47","slug":"chiang-mai","status":"publish","type":"page","link":"https:\/\/school-for-life.org\/de\/chiang-mai\/","title":{"rendered":"Lernen und Leben in der SfL"},"content":{"rendered":"<div  data-size='no scaling'  data-lightbox_size='large'  data-animation='slide'  data-conditional_play=''  data-ids='200,201'  data-video_counter='0'  data-autoplay='true'  data-bg_slider='false'  data-slide_height=''  data-handle='av_slideshow'  data-interval='5'  data-class=' avia-builder-el-0  el_before_av_hr  avia-builder-el-first  '  data-css_id=''  data-scroll_down=''  data-control_layout='av-control-default'  data-custom_markup=''  data-perma_caption=''  data-autoplay_stopper=''  data-image_attachment=''  data-min_height='0px'  class='avia-slideshow avia-slideshow-1  av-control-default av-default-height-applied avia-slideshow-no scaling av_slideshow  avia-builder-el-0  el_before_av_hr  avia-builder-el-first   avia-slide-slider '  itemprop=\"image\" itemscope=\"itemscope\" itemtype=\"https:\/\/schema.org\/ImageObject\" ><ul class='avia-slideshow-inner ' style='padding-bottom: 44.6808510638%;' ><li  class=' slide-1 ' ><div data-rel='slideshow-1' class='avia-slide-wrap '   ><img src='https:\/\/school-for-life.org\/wp-content\/uploads\/2017\/12\/slider_01.jpg' width='940' height='420' title='slider_01' alt=''  itemprop=\"thumbnailUrl\"   \/><\/div><\/li><li  class=' slide-2 ' ><div data-rel='slideshow-1' class='avia-slide-wrap '   ><img src='https:\/\/school-for-life.org\/wp-content\/uploads\/2017\/12\/Slideshow_chiangmai_seite_17.jpg' width='940' height='420' title='Slideshow_chiangmai_seite_17' alt=''  itemprop=\"thumbnailUrl\"   \/><\/div><\/li><\/ul><div class='avia-slideshow-arrows avia-slideshow-controls'><a href='#prev' class='prev-slide' aria-hidden='true' data-av_icon='\ue87c' data-av_iconfont='entypo-fontello'>Zur\u00fcck<\/a><a href='#next' class='next-slide' aria-hidden='true' data-av_icon='\ue87d' data-av_iconfont='entypo-fontello'>Weiter<\/a><\/div><div class='avia-slideshow-dots avia-slideshow-controls'><a href='#1' class='goto-slide active' >1<\/a><a href='#2' class='goto-slide ' >2<\/a><\/div><\/div>\n<div  class='hr hr-default   avia-builder-el-1  el_after_av_slideshow  el_before_av_textblock '><span class='hr-inner ' ><span class='hr-inner-style'><\/span><\/span><\/div>\n<section class=\"av_textblock_section \"  itemscope=\"itemscope\" itemtype=\"https:\/\/schema.org\/CreativeWork\" ><div class='avia_textblock  '   itemprop=\"text\" ><h3><\/h3>\n<h2><\/h2>\n<h2>Willkommen in der School for Life!<\/h2>\n<p>Die 2003 gegr\u00fcndete School for Life in Chiang Mai\/Thailand f\u00f6rdert Kinder aus extrem schwierigen, risikoreichen und armen Verh\u00e4ltnissen. W\u00e4hrend am Anfang Aids-Waisen die Mehrheit bildeten, sind es jetzt vor allem Kinder diskriminierter ethnischer Minderheiten, der Akha, Lisu, Lahu, Hmong, Karen und Thaiyai. Und es sind Kinder, die zur Kinderarbeit gezwungen wurden, auf der Stra\u00dfe lebten, missbraucht wurden, dem Risiko des Kinderhandels oder Situationen der Gewalt ausgesetzt waren. Das von Prof. em. Dr. J\u00fcrgen Zimmer entwickelte Konzept wurde von UNESCO als &#8222;much needed world class innovative effort in the field of education&#8220; und als &#8222;new standard of educational excellence for the world community of the 21st century&#8220; eingesch\u00e4tzt. Innovative Konzepte lassen sich nicht linear und auch nicht stetig umsetzen. Die Entwicklung der School for Life ist eine wechselvolle Geschichte der Ann\u00e4herungen an eine konkrete p\u00e4dagogische Utopie: &#8222;The best for the poorest&#8220;.<\/p>\n<p>Um die ungleichen Ausgangspositionen benachteiligter Kinder auszugleichen, reicht es nicht aus, sie in ein Kinderheim zu stecken und in eine regul\u00e4re Schule zu schicken. Mit diesem Projekt, das auf eine erstklassige Bildung abzielt, soll die Schule neu erfunden werden, eine Schule, in der sich modernes Lernen und Wissensmanagement leichter entfalten kann, als es innerhalb der begrenzten Grenzen einer regul\u00e4ren Regelschule m\u00f6glich w\u00e4re. Das thail\u00e4ndische Bildungsministerium ist an dieser Entwicklung interessiert und hofft, freie Impulse f\u00fcr andere Schulen in Thailand zu setzen.<\/p>\n<p>Die Absicht, sich von einer Orientierung an Schulf\u00e4chern zu l\u00f6sen und den Lehrplan st\u00e4rker auf Schl\u00fcsselprobleme und Schl\u00fcsselsituationen zu beziehen, bedeutet nicht, dass das akademische Wissen als nutzlos aufgegeben wird. Es bedeutet, das Wissen aus verschiedenen Themenbereichen auf reale Probleme zu konzentrieren und das Wissen auf Probleml\u00f6sungen anzuwenden. Ein geeigneter Ort daf\u00fcr ist ein kleines Kompetenzzentrum, ein Raum, in dem Reflexion und Handeln kombiniert werden k\u00f6nnen, ein Labor f\u00fcr vertiefte, praktische Studien. Diese Bl\u00f6cke sollten wichtige lokale und regionale Themen widerspiegeln.<\/p>\n<p>Die Curriculum-Entwicklung innerhalb des Projekts bedeutet, das staatliche Curriculum auf seinen Einsatz in solchen Exzellenzzentren und daraufhin zu untersuchen, wie es in einen sinnvollen Kontext gestellt werden kann. Der Lehrplan des Staates wird nicht in Frage gestellt, er ist lediglich anders organisiert und auf der Grundlage von Erfahrungen erweitert.<\/p>\n<p>Die <a href=\"http:\/\/www.robinsohn-stiftung.de\/\">Shaul B. und Hilde Robinsohn Stiftung<\/a> wirbt Spenden f\u00fcr die School-for-Life in Chiang Mai in Thailand ein und verwaltet diese. Daneben unterst\u00fctzt die Stiftung dieses beispielhafte Projekt direkt durch die Finanzierung p\u00e4dagogischer und curricularer Grundlagen.<\/p>\n<\/div><\/section>\n<div class=\"flex_column av_one_third  flex_column_div av-zero-column-padding first  avia-builder-el-3  el_after_av_textblock  el_before_av_one_third  column-top-margin\" style='border-radius:0px; '><article class=\"iconbox iconbox_top main_color    avia-builder-el-4  avia-builder-el-no-sibling  \"  itemscope=\"itemscope\" itemtype=\"https:\/\/schema.org\/CreativeWork\" ><div class=\"iconbox_content\"><header class=\"entry-content-header\"><a href='http:\/\/school-for-life.org\/chiangmai\/' title='SCHOOL FOR LIFE CHIANG MAI'  class=\"iconbox_icon heading-color \" aria-hidden='true' data-av_icon='\ue81e' data-av_iconfont='entypo-fontello'  ><\/a><h3 class='iconbox_content_title '  itemprop=\"headline\"  ><a href='http:\/\/school-for-life.org\/chiangmai\/' title='SCHOOL FOR LIFE CHIANG MAI' >SCHOOL FOR LIFE CHIANG MAI<\/a><\/h3><\/header><div class='iconbox_content_container  '  itemprop=\"text\"  ><p style=\"text-align: left;\"><strong>Kontakt Team Deutschland<\/strong><br \/>\nE-Mail: office@school-for-life.org<\/p>\n<p style=\"text-align: left;\"><strong>Ansprechpartner vor Ort in Chiang Mai<\/strong><br \/>\nMr. Jo (Kyaw Kyaw Hla)<br \/>\nCommunication Manager<br \/>\nE-Mail: kyawhky@gmail.com<br \/>\nMobile: +66 (0) 85 237 9482<\/p>\n<p style=\"text-align: left;\"><strong>Adresse School for Life Chiang Mai<\/strong><br \/>\nSchool for Life<br \/>\n185\/3M. 4, T. Pa Meing<br \/>\nDoi Saket District<br \/>\n50220 Chiang Mai<br \/>\nThailand<\/p>\n<\/div><\/div><footer class=\"entry-footer\"><\/footer><\/article><\/div><div class=\"flex_column av_one_third  flex_column_div av-zero-column-padding   avia-builder-el-5  el_after_av_one_third  el_before_av_one_third  column-top-margin\" style='border-radius:0px; '><article class=\"iconbox iconbox_top main_color    avia-builder-el-6  avia-builder-el-no-sibling  \"  itemscope=\"itemscope\" itemtype=\"https:\/\/schema.org\/CreativeWork\" ><div class=\"iconbox_content\"><header class=\"entry-content-header\"><a href='https:\/\/www.shirtsforlife.de\/' title='UNTERST\u00dcTZEN SIE UNS \u00dcBER UNSERE PROJEKTPARTNER!'  class=\"iconbox_icon heading-color \" aria-hidden='true' data-av_icon='\ue806' data-av_iconfont='entypo-fontello'  ><\/a><h3 class='iconbox_content_title '  itemprop=\"headline\"  ><a href='https:\/\/www.shirtsforlife.de\/' title='UNTERST\u00dcTZEN SIE UNS \u00dcBER UNSERE PROJEKTPARTNER!' >UNTERST\u00dcTZEN SIE UNS \u00dcBER UNSERE PROJEKTPARTNER!<\/a><\/h3><\/header><div class='iconbox_content_container  '  itemprop=\"text\"  ><p style=\"text-align: left;\"><strong>shirts for life<\/strong> ist ein soziales Unternehmerprojekt zur dauerhaften Unterst\u00fctzung des School for Life Projekts.<\/p>\n<p style=\"text-align: left;\">shirts for life sind nachhaltig, \u00f6kologisch und fair, einzigartig und hochwertig. Mehr \u00fcber diese Idee und das Konzept gibt es <a href=\"https:\/\/www.shirtsforlife.de\/\" target=\"_blank\" rel=\"noopener\">hier!<\/a><\/p>\n<p style=\"text-align: left;\">Kaufen kann man die Shirts in diesem Online-Shop:<a href=\"https:\/\/www.shirtsforlife.de\/\" target=\"_blank\" rel=\"noopener\"> www.shirtsforlife.biz<\/a><\/p>\n<\/div><\/div><footer class=\"entry-footer\"><\/footer><\/article><\/div><div class=\"flex_column av_one_third  flex_column_div av-zero-column-padding   avia-builder-el-7  el_after_av_one_third  avia-builder-el-last  column-top-margin\" style='border-radius:0px; '><article class=\"iconbox iconbox_top main_color    avia-builder-el-8  avia-builder-el-no-sibling  \"  itemscope=\"itemscope\" itemtype=\"https:\/\/schema.org\/CreativeWork\" ><div class=\"iconbox_content\"><header class=\"entry-content-header\"><a href='https:\/\/www.shirtsforlife.de\/' title='UNTERST\u00dcTZEN SIE UNS VIA BETTERPLACE!'  class=\"iconbox_icon heading-color \" aria-hidden='true' data-av_icon='\ue807' data-av_iconfont='entypo-fontello'  ><\/a><h3 class='iconbox_content_title '  itemprop=\"headline\"  ><a href='https:\/\/www.shirtsforlife.de\/' title='UNTERST\u00dcTZEN SIE UNS VIA BETTERPLACE!' >UNTERST\u00dcTZEN SIE UNS VIA BETTERPLACE!<\/a><\/h3><\/header><div class='iconbox_content_container  '  itemprop=\"text\"  ><p><iframe loading=\"lazy\" style=\"border: 0; padding: 0; margin: 0;\" src=\"https:\/\/www.betterplace-widget.org\/projects\/64?l=de\" width=\"100%\" height=\"320\" frameborder=\"0\" marginwidth=\"0\" marginheight=\"0\">Informieren und spenden: <a href='https:\/\/www.betterplace.org\/de\/projects\/64-school-for-life-chiang-mai' target='_blank' rel=\"noopener\">\u201eSchool for Life Chiang Mai\u201c<\/a> auf betterplace.org \u00f6ffnen.<\/iframe><\/p>\n<\/div><\/div><footer class=\"entry-footer\"><\/footer><\/article><\/div><\/p>\n","protected":false},"excerpt":{"rendered":"","protected":false},"author":2,"featured_media":0,"parent":0,"menu_order":1,"comment_status":"closed","ping_status":"closed","template":"","meta":[],"_links":{"self":[{"href":"https:\/\/school-for-life.org\/de\/wp-json\/wp\/v2\/pages\/196"}],"collection":[{"href":"https:\/\/school-for-life.org\/de\/wp-json\/wp\/v2\/pages"}],"about":[{"href":"https:\/\/school-for-life.org\/de\/wp-json\/wp\/v2\/types\/page"}],"author":[{"embeddable":true,"href":"https:\/\/school-for-life.org\/de\/wp-json\/wp\/v2\/users\/2"}],"replies":[{"embeddable":true,"href":"https:\/\/school-for-life.org\/de\/wp-json\/wp\/v2\/comments?post=196"}],"version-history":[{"count":20,"href":"https:\/\/school-for-life.org\/de\/wp-json\/wp\/v2\/pages\/196\/revisions"}],"predecessor-version":[{"id":3255,"href":"https:\/\/school-for-life.org\/de\/wp-json\/wp\/v2\/pages\/196\/revisions\/3255"}],"wp:attachment":[{"href":"https:\/\/school-for-life.org\/de\/wp-json\/wp\/v2\/media?parent=196"}],"curies":[{"name":"wp","href":"https:\/\/api.w.org\/{rel}","templated":true}]}}