{"id":1348,"date":"2018-07-27T14:06:08","date_gmt":"2018-07-27T12:06:08","guid":{"rendered":"http:\/\/school-for-life.org\/?page_id=1348"},"modified":"2024-03-27T10:45:32","modified_gmt":"2024-03-27T09:45:32","slug":"neuigkeiten-aus-der-school-for-life","status":"publish","type":"page","link":"https:\/\/school-for-life.org\/de\/chiang-mai\/neuigkeiten-aus-der-school-for-life\/","title":{"rendered":"Neuigkeiten aus der School for Life"},"content":{"rendered":"<section class=\"av_textblock_section \"  itemscope=\"itemscope\" itemtype=\"https:\/\/schema.org\/CreativeWork\" ><div class='avia_textblock  '   itemprop=\"text\" ><h3>Neuigkeiten aus der School for Life Chiang Mai<\/h3>\n<hr \/>\n<p>Hier wollen wir Sie regelm\u00e4\u00dfig auf dem Laufenden halten, was das Leben an der School for Life so macht und Sie daran aktiv teilhaben lassen.<\/p>\n<p>Sie k\u00f6nnen Beitr\u00e4ge von Mr. Jo finden,\u00a0 Neuigkeiten ver\u00f6ffentlicht von dem School for Life Germany e.V. selbst und weitere interessante Informationen.<\/p>\n<hr \/>\n<p class=\"left\"><strong>Mr. Jo, der &#8222;Ground &amp; Communication Manager&#8220;, berichtet auf Englisch regelm\u00e4\u00dfig \u00fcber Ereignisse in der\u00a0 School for Life Chiang Mai!<br \/>\n<\/strong><\/p>\n<p class=\"left\"><a href=\"http:\/\/school-for-life.org\/de\/school-for-life-chiang-mai-newsletter\/\">Zu den Newslettern<\/a><\/p>\n<hr \/>\n<p>Besuch des K\u00fcnstlers Emilio Fornieles 2024<\/p>\n<div class='avia-iframe-wrap'><iframe loading=\"lazy\" title=\"Full Video_Workshops Emilio Fornieles School for Life 2024\" width=\"1500\" height=\"844\" src=\"https:\/\/www.youtube.com\/embed\/TE4wPCcXeaQ?feature=oembed\" frameborder=\"0\" allow=\"accelerometer; autoplay; clipboard-write; encrypted-media; gyroscope; picture-in-picture; web-share\" referrerpolicy=\"strict-origin-when-cross-origin\" allowfullscreen><\/iframe><\/div>\n<hr \/>\n<p><a href=\"https:\/\/school-for-life.org\/wp-content\/uploads\/2022\/12\/Dankeschoen-\u00b422.pdf\"><strong>Weihnachtsgr\u00fc\u00dfe 2022 an alle Unterst\u00fctzerinnen und Unterst\u00fctzer<\/strong><\/a><\/p>\n<p><img decoding=\"async\" loading=\"lazy\" class=\"alignnone wp-image-4083\" src=\"https:\/\/school-for-life.org\/wp-content\/uploads\/2022\/12\/Group-Photo-1-300x225.jpeg\" alt=\"\" width=\"891\" height=\"669\" srcset=\"https:\/\/school-for-life.org\/wp-content\/uploads\/2022\/12\/Group-Photo-1-300x225.jpeg 300w, https:\/\/school-for-life.org\/wp-content\/uploads\/2022\/12\/Group-Photo-1-450x338.jpeg 450w, https:\/\/school-for-life.org\/wp-content\/uploads\/2022\/12\/Group-Photo-1.jpeg 640w\" sizes=\"(max-width: 891px) 100vw, 891px\" \/><\/p>\n<p><img decoding=\"async\" loading=\"lazy\" class=\"alignnone wp-image-787\" src=\"http:\/\/school-for-life.org\/wp-content\/uploads\/2018\/06\/bosch_workshop-300x43.png\" alt=\"\" width=\"1012\" height=\"145\" srcset=\"https:\/\/school-for-life.org\/wp-content\/uploads\/2018\/06\/bosch_workshop-300x43.png 300w, https:\/\/school-for-life.org\/wp-content\/uploads\/2018\/06\/bosch_workshop-768x111.png 768w, https:\/\/school-for-life.org\/wp-content\/uploads\/2018\/06\/bosch_workshop-705x102.png 705w, https:\/\/school-for-life.org\/wp-content\/uploads\/2018\/06\/bosch_workshop-450x65.png 450w, https:\/\/school-for-life.org\/wp-content\/uploads\/2018\/06\/bosch_workshop.png 940w\" sizes=\"(max-width: 1012px) 100vw, 1012px\" \/><\/p>\n<h5><\/h5>\n<hr \/>\n<p>27.10.2021<\/p>\n<p>Mr. Jo hat f\u00fcr uns einige Kinder und Lehrkr\u00e4fte interviewen lassen, damit wir einen besseren Eindruck davon bekommen k\u00f6nnen, wie die aktuelle Lage an der School for Life und in Thailand gerade ist.<\/p>\n<p><a href=\"https:\/\/school-for-life.org\/de\/neuigkeiten-und-aktuelles-aus-der-school-for-life\/\"><strong>Zu den Interviews<\/strong><\/a><\/p>\n<\/div><\/section>\n","protected":false},"excerpt":{"rendered":"","protected":false},"author":6,"featured_media":0,"parent":196,"menu_order":1,"comment_status":"closed","ping_status":"closed","template":"","meta":[],"_links":{"self":[{"href":"https:\/\/school-for-life.org\/de\/wp-json\/wp\/v2\/pages\/1348"}],"collection":[{"href":"https:\/\/school-for-life.org\/de\/wp-json\/wp\/v2\/pages"}],"about":[{"href":"https:\/\/school-for-life.org\/de\/wp-json\/wp\/v2\/types\/page"}],"author":[{"embeddable":true,"href":"https:\/\/school-for-life.org\/de\/wp-json\/wp\/v2\/users\/6"}],"replies":[{"embeddable":true,"href":"https:\/\/school-for-life.org\/de\/wp-json\/wp\/v2\/comments?post=1348"}],"version-history":[{"count":98,"href":"https:\/\/school-for-life.org\/de\/wp-json\/wp\/v2\/pages\/1348\/revisions"}],"predecessor-version":[{"id":4441,"href":"https:\/\/school-for-life.org\/de\/wp-json\/wp\/v2\/pages\/1348\/revisions\/4441"}],"up":[{"embeddable":true,"href":"https:\/\/school-for-life.org\/de\/wp-json\/wp\/v2\/pages\/196"}],"wp:attachment":[{"href":"https:\/\/school-for-life.org\/de\/wp-json\/wp\/v2\/media?parent=1348"}],"curies":[{"name":"wp","href":"https:\/\/api.w.org\/{rel}","templated":true}]}}