{"id":11,"date":"2017-07-25T15:14:30","date_gmt":"2017-07-25T13:14:30","guid":{"rendered":"http:\/\/www.school-for-life.org\/?page_id=11"},"modified":"2026-02-05T08:38:13","modified_gmt":"2026-02-05T07:38:13","slug":"startseite","status":"publish","type":"page","link":"https:\/\/school-for-life.org\/de\/","title":{"rendered":"Startseite"},"content":{"rendered":"<div  data-size='featured_large'  data-lightbox_size='large'  data-animation='slide'  data-conditional_play=''  data-ids='3802,3830,2270,256,2273,257,3808,3864,3854,3848,3878'  data-video_counter='0'  data-autoplay='true'  data-bg_slider='false'  data-slide_height=''  data-handle='av_slideshow'  data-interval='5'  data-class=' avia-builder-el-0  el_before_av_heading  avia-builder-el-first  '  data-css_id=''  data-scroll_down=''  data-control_layout='av-control-default'  data-custom_markup=''  data-perma_caption=''  data-autoplay_stopper=''  data-image_attachment=''  data-min_height='0px'  data-default-height='42'  class='avia-slideshow avia-slideshow-1  av-control-default av-default-height-applied avia-slideshow-featured_large av_slideshow  avia-builder-el-0  el_before_av_heading  avia-builder-el-first   avia-slide-slider '  itemprop=\"image\" itemscope=\"itemscope\" itemtype=\"https:\/\/schema.org\/ImageObject\" ><ul class='avia-slideshow-inner ' style='padding-bottom: 42.6251691475%;' ><li  class=' slide-1 ' ><div data-rel='slideshow-1' class='avia-slide-wrap '   ><img src='https:\/\/school-for-life.org\/wp-content\/uploads\/2022\/04\/1570609438507-1478x630.jpg' width='1478' height='630' title='1570609438507' alt=''  itemprop=\"thumbnailUrl\"   \/><\/div><\/li><li  class=' slide-2 ' ><div data-rel='slideshow-1' class='avia-slide-wrap '   ><img src='https:\/\/school-for-life.org\/wp-content\/uploads\/2022\/04\/241322195_983885415784746_9114217802261341909_n-1-1500x630.jpg' width='1500' height='630' title='241322195_983885415784746_9114217802261341909_n' alt=''  itemprop=\"thumbnailUrl\"   \/><\/div><\/li><li  class=' slide-3 ' ><div data-rel='slideshow-1' class='avia-slide-wrap '   ><img src='https:\/\/school-for-life.org\/wp-content\/uploads\/2019\/07\/Foto-07.09.17-10-36-38-1500x630.jpg' width='1500' height='630' title='Foto 07.09.17, 10 36 38' alt=''  itemprop=\"thumbnailUrl\"   \/><\/div><\/li><li  class=' slide-4 ' ><div data-rel='slideshow-1' class='avia-slide-wrap '   ><img src='https:\/\/school-for-life.org\/wp-content\/uploads\/2017\/12\/32-1442x630.jpg' width='1442' height='630' title='32' alt=''  itemprop=\"thumbnailUrl\"   \/><\/div><\/li><li  class=' slide-5 ' ><div data-rel='slideshow-1' class='avia-slide-wrap '   ><img src='https:\/\/school-for-life.org\/wp-content\/uploads\/2019\/07\/Foto-07.09.17-10-46-53-1500x630.jpg' width='1500' height='630' title='Foto 07.09.17, 10 46 53' alt=''  itemprop=\"thumbnailUrl\"   \/><\/div><\/li><li  class=' slide-6 ' ><div data-rel='slideshow-1' class='avia-slide-wrap '   ><img src='https:\/\/school-for-life.org\/wp-content\/uploads\/2017\/12\/33-1442x630.jpg' width='1442' height='630' title='33' alt=''  itemprop=\"thumbnailUrl\"   \/><\/div><\/li><li  class=' slide-7 ' ><div data-rel='slideshow-1' class='avia-slide-wrap '   ><img src='https:\/\/school-for-life.org\/wp-content\/uploads\/2022\/04\/line_407441236294079-1280x630.jpg' width='1280' height='630' title='line_407441236294079' alt=''  itemprop=\"thumbnailUrl\"   \/><\/div><\/li><li  class=' slide-8 ' ><div data-rel='slideshow-1' class='avia-slide-wrap '   ><img src='https:\/\/school-for-life.org\/wp-content\/uploads\/2022\/04\/IMG-20191215-WA0007-1466x630.jpg' width='1466' height='630' title='IMG-20191215-WA0007' alt=''  itemprop=\"thumbnailUrl\"   \/><\/div><\/li><li  class=' slide-9 ' ><div data-rel='slideshow-1' class='avia-slide-wrap '   ><img src='https:\/\/school-for-life.org\/wp-content\/uploads\/2022\/04\/IMG_20190613_082208-1-1500x630.jpg' width='1500' height='630' title='dav' alt=''  itemprop=\"thumbnailUrl\"   \/><\/div><\/li><li  class=' slide-10 ' ><div data-rel='slideshow-1' class='avia-slide-wrap '   ><img src='https:\/\/school-for-life.org\/wp-content\/uploads\/2022\/04\/1573043005498-1500x630.jpg' width='1500' height='630' title='1573043005498' alt=''  itemprop=\"thumbnailUrl\"   \/><\/div><\/li><li  class=' slide-11 ' ><div data-rel='slideshow-1' class='avia-slide-wrap '   ><img src='https:\/\/school-for-life.org\/wp-content\/uploads\/2022\/04\/IMG-20191215-WA0010-1500x630.jpg' width='1500' height='630' title='IMG-20191215-WA0010' alt=''  itemprop=\"thumbnailUrl\"   \/><\/div><\/li><\/ul><div class='avia-slideshow-arrows avia-slideshow-controls'><a href='#prev' class='prev-slide' aria-hidden='true' data-av_icon='\ue87c' data-av_iconfont='entypo-fontello'>Zur\u00fcck<\/a><a href='#next' class='next-slide' aria-hidden='true' data-av_icon='\ue87d' data-av_iconfont='entypo-fontello'>Weiter<\/a><\/div><div class='avia-slideshow-dots avia-slideshow-controls'><a href='#1' class='goto-slide active' >1<\/a><a href='#2' class='goto-slide ' >2<\/a><a href='#3' class='goto-slide ' >3<\/a><a href='#4' class='goto-slide ' >4<\/a><a href='#5' class='goto-slide ' >5<\/a><a href='#6' class='goto-slide ' >6<\/a><a href='#7' class='goto-slide ' >7<\/a><a href='#8' class='goto-slide ' >8<\/a><a href='#9' class='goto-slide ' >9<\/a><a href='#10' class='goto-slide ' >10<\/a><a href='#11' class='goto-slide ' >11<\/a><\/div><\/div>\n<div style='padding-bottom:10px; ' class='av-special-heading av-special-heading-h2    avia-builder-el-1  el_after_av_slideshow  el_before_av_textblock   '><h2 class='av-special-heading-tag '  itemprop=\"headline\"  >Willkommen an der School for Life Chiang Mai!<\/h2><div class='special-heading-border'><div class='special-heading-inner-border' ><\/div><\/div><\/div>\n<section class=\"av_textblock_section \"  itemscope=\"itemscope\" itemtype=\"https:\/\/schema.org\/CreativeWork\" ><div class='avia_textblock  '   itemprop=\"text\" ><p>Die School for Life nimmt Kinder aus armen und risikoreichen Verh\u00e4ltnissen auf. Sie will diese Kinder so f\u00f6rdern, dass sie \u2013 von ganz unten startend \u2013 weit nach oben kommen k\u00f6nnen. Also keine armselige P\u00e4dagogik f\u00fcr arme Kinder, sondern eine erstklassige Bildung und ein Lernen als Abenteuer. Im Sinne Humboldts meint Bildung die \u201eAnverwandlung\u201c von Welt. Also m\u00f6glichst kein Lernen anhand von Scheinproblemen, sondern als Entdeckungsreisen in eine von Kindern gestaltbare Wirklichkeit, durch Versuch und Irrtum, im Vor- und Zur\u00fcck, in enger Verbindung von Theorie und Praxis, Reflexion und Aktion. P\u00e4dagogen werden dann zu Forschungsassistenten, die Ressourcen erschlie\u00dfen, mit den Kindern die Ziele abstecken und mitlernen.<\/p>\n<p>Am Anfang steht die Wiedergewinnung der Lebensfreude unserer Kinder. Sie wachsen zu einer gro\u00dfen Familie zusammen. Besucher beschreiben diese Gemeinschaft mit Begriffen wie \u201eLiebe und Mitmenschlichkeit\u201c, \u201eVertrauen in die eigene Kraft\u201c, \u201eSelbstbewusstsein\u201c, \u201eTemperament\u201c, \u201eFriedfertigkeit\u201c, \u201ekulturelle Verankerung\u201c, \u201eWeltoffenheit\u201c.<\/p>\n<p>Schools for Life sind keine Raumschiffe ohne Bodenber\u00fchrung, sondern beziehen Menschen benachbarter Ortschaften mit ein, schaffen Arbeitspl\u00e4tze und verbinden ein gemeinwesenorientiertes Lernen mit Gemeindeentwicklung.<\/p>\n<\/div><\/section>\n<div class='avia-video avia-video-16-9   av-lazyload-immediate  av-lazyload-video-embed  '   itemprop=\"video\" itemtype=\"https:\/\/schema.org\/VideoObject\"  data-original_url='https:\/\/www.youtube.com\/watch?v=PRiPiGCmEac' ><script type='text\/html' class='av-video-tmpl'><div class='avia-iframe-wrap'><iframe title=\"A Story about giving Back\" width=\"1500\" height=\"844\" src=\"https:\/\/www.youtube.com\/embed\/PRiPiGCmEac?feature=oembed\" frameborder=\"0\" allow=\"accelerometer; autoplay; clipboard-write; encrypted-media; gyroscope; picture-in-picture; web-share\" referrerpolicy=\"strict-origin-when-cross-origin\" allowfullscreen><\/iframe><\/div><\/script><div class='av-click-to-play-overlay'><div class=\"avia_playpause_icon\"><\/div><\/div><\/div>\n<div class=\"flex_column av_one_full  flex_column_div av-zero-column-padding first  avia-builder-el-4  el_after_av_video  el_before_av_hr  \" style='border-radius:0px; '><article class=\"iconbox iconbox_top main_color    avia-builder-el-5  avia-builder-el-no-sibling  \"  itemscope=\"itemscope\" itemtype=\"https:\/\/schema.org\/CreativeWork\" ><div class=\"iconbox_content\"><header class=\"entry-content-header\"><div class=\"iconbox_icon heading-color \" aria-hidden='true' data-av_icon='\ue81e' data-av_iconfont='entypo-fontello'  ><\/div><h3 class='iconbox_content_title '  itemprop=\"headline\"  >SCHOOL FOR LIFE CHIANG MAI<\/h3><\/header><div class='iconbox_content_container  '  itemprop=\"text\"  ><p style=\"text-align: center;\"><strong>Ansprechpartner vor Ort in Chiang Mai<\/strong><br \/>\nMr. Jo (Kyaw Kyaw Hla)<br \/>\nCommunication Manager<br \/>\nE-Mail: kyawhky(at)gmail.com<br \/>\nMobile: +66 (0) 85 237 9482<\/p>\n<p style=\"text-align: center;\"><strong>Adresse School for Life Chiang Mai<\/strong><br \/>\nSchool for Life<br \/>\n185\/3M. 4, T. Pa Meing<br \/>\nDoi Saket District<br \/>\n50220 Chiang Mai<br \/>\nThailand<\/p>\n<p style=\"text-align: left;\">\n<\/div><\/div><footer class=\"entry-footer\"><\/footer><\/article><\/div>\n<div  class='hr hr-default   avia-builder-el-6  el_after_av_one_full  el_before_av_iconlist '><span class='hr-inner ' ><span class='hr-inner-style'><\/span><\/span><\/div>\n<div class='avia-icon-list-container   avia-builder-el-7  el_after_av_hr  avia-builder-el-last '><ul class='avia-icon-list avia-icon-list-left av-iconlist-big avia_animate_when_almost_visible avia-iconlist-animate'>\n<li><div  class='iconlist_icon  avia-font-entypo-fontello'><span class='iconlist-char ' aria-hidden='true' data-av_icon='\ue81e' data-av_iconfont='entypo-fontello'><\/span><\/div><article class=\"article-icon-entry \"  itemscope=\"itemscope\" itemtype=\"https:\/\/schema.org\/CreativeWork\" ><div class='iconlist_content_wrap'><header class=\"entry-content-header\"><\/header><div class='iconlist_content  '  itemprop=\"text\"  ><p>Spenden k\u00f6nnen nur direkt an das thail\u00e4ndische Konto \u00fcberwiesen werden. Bitte kontaktieren sie dazu Mr. Jo.<\/p>\n<p>Diese Webseite wird seit 2024 nicht mehr aktualisiert.<\/p>\n<\/div><\/div><footer class=\"entry-footer\"><\/footer><\/article><div class='iconlist-timeline'><\/div><\/li>\n<\/ul><\/div>\n","protected":false},"excerpt":{"rendered":"","protected":false},"author":7,"featured_media":0,"parent":0,"menu_order":0,"comment_status":"closed","ping_status":"closed","template":"","meta":[],"_links":{"self":[{"href":"https:\/\/school-for-life.org\/de\/wp-json\/wp\/v2\/pages\/11"}],"collection":[{"href":"https:\/\/school-for-life.org\/de\/wp-json\/wp\/v2\/pages"}],"about":[{"href":"https:\/\/school-for-life.org\/de\/wp-json\/wp\/v2\/types\/page"}],"author":[{"embeddable":true,"href":"https:\/\/school-for-life.org\/de\/wp-json\/wp\/v2\/users\/7"}],"replies":[{"embeddable":true,"href":"https:\/\/school-for-life.org\/de\/wp-json\/wp\/v2\/comments?post=11"}],"version-history":[{"count":68,"href":"https:\/\/school-for-life.org\/de\/wp-json\/wp\/v2\/pages\/11\/revisions"}],"predecessor-version":[{"id":4653,"href":"https:\/\/school-for-life.org\/de\/wp-json\/wp\/v2\/pages\/11\/revisions\/4653"}],"wp:attachment":[{"href":"https:\/\/school-for-life.org\/de\/wp-json\/wp\/v2\/media?parent=11"}],"curies":[{"name":"wp","href":"https:\/\/api.w.org\/{rel}","templated":true}]}}